{"id":2119,"date":"2022-01-25T17:28:26","date_gmt":"2022-01-25T16:28:26","guid":{"rendered":"https:\/\/recgas.com\/?page_id=2119"},"modified":"2023-09-21T12:07:24","modified_gmt":"2023-09-21T10:07:24","slug":"catalogo","status":"publish","type":"page","link":"https:\/\/recgas.com\/pt-pt\/catalogo\/","title":{"rendered":"Cat\u00e1logo"},"content":{"rendered":"<div class=\"wpb-content-wrapper\"><p>[vc_row full_width=&#8221;stretch_row&#8221; equal_height=&#8221;yes&#8221; content_placement=&#8221;middle&#8221; css=&#8221;.vc_custom_1642683703172{padding-top: 140px !important;padding-bottom: 100px !important;background-image: url(https:\/\/recgas.com\/wp-content\/uploads\/2022\/01\/bg-hero.jpg?id=279) !important;background-position: center !important;background-repeat: no-repeat !important;background-size: cover !important;}&#8221;][vc_column el_class=&#8221;max-hero&#8221;][vc_column_text]<\/p>\n<h4 class=\"uppercase blanco fw-500 pb-30\">Cat\u00e1logo de produtos<\/h4>\n<p>[\/vc_column_text][vc_column_text]<\/p>\n<h1 class=\"uppercase negrita blanco\">Descubra o nosso cat\u00e1logo de produtos<\/h1>\n<p>[\/vc_column_text][\/vc_column][\/vc_row][vc_row el_class=&#8221;padding-fila&#8221;][vc_column][vc_row_inner equal_height=&#8221;yes&#8221; content_placement=&#8221;top&#8221; gap=&#8221;20&#8243;][vc_column_inner el_class=&#8221;banner&#8221; width=&#8221;1\/2&#8243; css=&#8221;.vc_custom_1640014567237{background-image: url(https:\/\/recgas.com\/wp-content\/uploads\/2021\/12\/reguladores-home.jpg?id=190) !important;background-position: center !important;background-repeat: no-repeat !important;background-size: cover !important;}&#8221;][vc_column_text]<\/p>\n<h3 class=\"uppercase pb-50\">01\/<br \/>\n<strong>Reguladores<\/strong><\/h3>\n<p>[\/vc_column_text][vc_column_text]<\/p>\n<p class=\"hover_banner blanco pb-50\">Reguladores de primeiro e segundo est\u00e1gio para G\u00e1s Natural e GLP.<\/p>\n<p>[\/vc_column_text][vc_btn title=&#8221;Ver reguladores&#8221; style=&#8221;outline-custom&#8221; outline_custom_color=&#8221;#ffffff&#8221; outline_custom_hover_background=&#8221;#ffffff&#8221; outline_custom_hover_text=&#8221;#333333&#8243; shape=&#8221;square&#8221; size=&#8221;lg&#8221; align=&#8221;left&#8221; link=&#8221;url:%2Fpt-pt%2Fcategoria%2Freguladores-pt%2F&#8221; el_class=&#8221;hover_banner&#8221;][\/vc_column_inner][vc_column_inner el_class=&#8221;banner&#8221; width=&#8221;1\/2&#8243; css=&#8221;.vc_custom_1640016221799{background-image: url(https:\/\/recgas.com\/wp-content\/uploads\/2021\/12\/filtros_home.jpg?id=199) !important;background-position: center !important;background-repeat: no-repeat !important;background-size: cover !important;}&#8221;][vc_column_text]<\/p>\n<h3 class=\"uppercase pb-50\">02\/<br \/>\n<strong>Filtros<\/strong><\/h3>\n<p>[\/vc_column_text][vc_column_text]<\/p>\n<p class=\"hover_banner blanco pb-50\">Descobre o nosso cat\u00e1logo de Filtros para G\u00e1s.<\/p>\n<p>[\/vc_column_text][vc_btn title=&#8221;Ver filtros&#8221; style=&#8221;outline-custom&#8221; outline_custom_color=&#8221;#ffffff&#8221; outline_custom_hover_background=&#8221;#ffffff&#8221; outline_custom_hover_text=&#8221;#333333&#8243; shape=&#8221;square&#8221; size=&#8221;lg&#8221; align=&#8221;left&#8221; link=&#8221;url:%2Fpt-pt%2Fcategoria%2Ffiltros-pt%2F&#8221; el_class=&#8221;hover_banner&#8221;][\/vc_column_inner][vc_column_inner el_class=&#8221;banner&#8221; width=&#8221;1\/2&#8243; css=&#8221;.vc_custom_1640016230191{background-image: url(https:\/\/recgas.com\/wp-content\/uploads\/2021\/12\/transiciones_home.jpg?id=200) !important;background-position: center !important;background-repeat: no-repeat !important;background-size: cover !important;}&#8221;][vc_column_text]<\/p>\n<h3 class=\"uppercase pb-50\">03\/<br \/>\n<strong>TRANSI\u00c7\u00d5ES<\/strong><\/h3>\n<p>[\/vc_column_text][vc_column_text]<\/p>\n<p class=\"hover_banner blanco pb-50\">Descobre a nossa gama de Transi\u00e7\u00f5es de diferentes modalidades.<\/p>\n<p>[\/vc_column_text][vc_btn title=&#8221;Ver transiciones&#8221; style=&#8221;outline-custom&#8221; outline_custom_color=&#8221;#ffffff&#8221; outline_custom_hover_background=&#8221;#ffffff&#8221; outline_custom_hover_text=&#8221;#333333&#8243; shape=&#8221;square&#8221; size=&#8221;lg&#8221; align=&#8221;left&#8221; link=&#8221;url:%2Fpt-pt%2Fcategoria%2Ftransicoes%2F&#8221; el_class=&#8221;hover_banner&#8221;][\/vc_column_inner][vc_column_inner el_class=&#8221;banner&#8221; width=&#8221;1\/2&#8243; css=&#8221;.vc_custom_1640016248447{background-image: url(https:\/\/recgas.com\/wp-content\/uploads\/2021\/12\/valvulas_home.jpg?id=201) !important;background-position: center !important;background-repeat: no-repeat !important;background-size: cover !important;}&#8221;][vc_column_text]<\/p>\n<h3 class=\"uppercase pb-50\">04\/<br \/>\n<strong>V\u00c1LVULAS DE<br \/>\nSEGURAN\u00c7A<\/strong><\/h3>\n<p>[\/vc_column_text][vc_column_text]<\/p>\n<p class=\"hover_banner blanco pb-50\">Nosso cat\u00e1logo de V\u00e1lvulas de Seguran\u00e7a com diferentes capacidades.<\/p>\n<p>[\/vc_column_text][vc_btn title=&#8221;Ver v\u00e1lvulas&#8221; style=&#8221;outline-custom&#8221; outline_custom_color=&#8221;#ffffff&#8221; outline_custom_hover_background=&#8221;#ffffff&#8221; outline_custom_hover_text=&#8221;#333333&#8243; shape=&#8221;square&#8221; size=&#8221;lg&#8221; align=&#8221;left&#8221; link=&#8221;url:%2Fpt-pt%2Fcategoria%2Fvalvulas-de-seguranca%2F&#8221; el_class=&#8221;hover_banner&#8221;][\/vc_column_inner][\/vc_row_inner][\/vc_column][\/vc_row][vc_row full_width=&#8221;stretch_row&#8221; content_placement=&#8221;bottom&#8221; el_class=&#8221;padding-fila&#8221; css=&#8221;.vc_custom_1695289971147{margin-bottom: -50px !important;background-image: url(https:\/\/recgas.com\/wp-content\/uploads\/2021\/12\/Group-347.jpg?id=249) !important;background-position: center !important;background-repeat: no-repeat !important;background-size: cover !important;}&#8221;][vc_column][vc_column_text]<\/p>\n<p class=\"pretitulo blanco align-left\">Recgas<\/p>\n<p>[\/vc_column_text][vc_column_text]<\/p>\n<h2 class=\"titulo blanco align-left margin-cero\">L\u00cdDERES NA FABRICA\u00c7\u00c3O DE EQUIPAMENTO PARA G\u00c1S<\/h2>\n<p>[\/vc_column_text][vc_btn title=&#8221;PEDIR UM OR\u00c7AMENTO&#8221; style=&#8221;custom&#8221; custom_background=&#8221;#ffffff&#8221; custom_text=&#8221;#dd0f1d&#8221; shape=&#8221;square&#8221; size=&#8221;lg&#8221; align=&#8221;left&#8221; link=&#8221;url:%2Fpt-pt%2Fora%C2%A7amento%2F&#8221;][\/vc_column][\/vc_row]<\/p>\n<\/div>","protected":false},"excerpt":{"rendered":"<p>[vc_row full_width=&#8221;stretch_row&#8221; equal_height=&#8221;yes&#8221; content_placement=&#8221;middle&#8221; css=&#8221;.vc_custom_1642683703172{padding-top: 140px !important;padding-bottom: 100px !important;background-image: url(https:\/\/recgas.com\/wp-content\/uploads\/2022\/01\/bg-hero.jpg?id=279) !important;background-position: center !important;background-repeat: no-repeat !important;background-size: cover !important;}&#8221;][vc_column el_class=&#8221;max-hero&#8221;][vc_column_text] Cat\u00e1logo de produtos [\/vc_column_text][vc_column_text] Descubra o nosso cat\u00e1logo de produtos [\/vc_column_text][\/vc_column][\/vc_row][vc_row el_class=&#8221;padding-fila&#8221;][vc_column][vc_row_inner equal_height=&#8221;yes&#8221; content_placement=&#8221;top&#8221; gap=&#8221;20&#8243;][vc_column_inner el_class=&#8221;banner&#8221; width=&#8221;1\/2&#8243; css=&#8221;.vc_custom_1640014567237{background-image: url(https:\/\/recgas.com\/wp-content\/uploads\/2021\/12\/reguladores-home.jpg?id=190) !important;background-position: center !important;background-repeat: no-repeat !important;background-size: cover !important;}&#8221;][vc_column_text] 01\/ Reguladores [\/vc_column_text][vc_column_text] Reguladores de primeiro e segundo est\u00e1gio para G\u00e1s&hellip;<\/p>\n","protected":false},"author":2,"featured_media":0,"parent":0,"menu_order":0,"comment_status":"closed","ping_status":"closed","template":"","meta":{"_acf_changed":false,"_joinchat":[],"footnotes":""},"class_list":["post-2119","page","type-page","status-publish","hentry","description-off"],"acf":[],"yoast_head":"<!-- This site is optimized with the Yoast SEO plugin v26.8 - https:\/\/yoast.com\/product\/yoast-seo-wordpress\/ -->\n<title>Cat\u00e1logo - Recgas<\/title>\n<meta name=\"robots\" content=\"index, follow, max-snippet:-1, max-image-preview:large, max-video-preview:-1\" \/>\n<link rel=\"canonical\" href=\"https:\/\/recgas.com\/pt-pt\/catalogo\/\" \/>\n<meta property=\"og:locale\" content=\"pt_PT\" \/>\n<meta property=\"og:type\" content=\"article\" \/>\n<meta property=\"og:title\" content=\"Cat\u00e1logo - Recgas\" \/>\n<meta property=\"og:description\" content=\"[vc_row full_width=&#8221;stretch_row&#8221; equal_height=&#8221;yes&#8221; content_placement=&#8221;middle&#8221; css=&#8221;.vc_custom_1642683703172{padding-top: 140px !important;padding-bottom: 100px !important;background-image: url(https:\/\/recgas.com\/wp-content\/uploads\/2022\/01\/bg-hero.jpg?id=279) !important;background-position: center !important;background-repeat: no-repeat !important;background-size: cover !important;}&#8221;][vc_column el_class=&#8221;max-hero&#8221;][vc_column_text] Cat\u00e1logo de produtos [\/vc_column_text][vc_column_text] Descubra o nosso cat\u00e1logo de produtos [\/vc_column_text][\/vc_column][\/vc_row][vc_row el_class=&#8221;padding-fila&#8221;][vc_column][vc_row_inner equal_height=&#8221;yes&#8221; content_placement=&#8221;top&#8221; gap=&#8221;20&#8243;][vc_column_inner el_class=&#8221;banner&#8221; width=&#8221;1\/2&#8243; css=&#8221;.vc_custom_1640014567237{background-image: url(https:\/\/recgas.com\/wp-content\/uploads\/2021\/12\/reguladores-home.jpg?id=190) !important;background-position: center !important;background-repeat: no-repeat !important;background-size: cover !important;}&#8221;][vc_column_text] 01\/ Reguladores [\/vc_column_text][vc_column_text] Reguladores de primeiro e segundo est\u00e1gio para G\u00e1s&hellip;\" \/>\n<meta property=\"og:url\" content=\"https:\/\/recgas.com\/pt-pt\/catalogo\/\" \/>\n<meta property=\"og:site_name\" content=\"Recgas\" \/>\n<meta property=\"article:modified_time\" content=\"2023-09-21T10:07:24+00:00\" \/>\n<meta name=\"twitter:card\" content=\"summary_large_image\" \/>\n<meta name=\"twitter:label1\" content=\"Tempo estimado de leitura\" \/>\n\t<meta name=\"twitter:data1\" content=\"1 minuto\" \/>\n<script type=\"application\/ld+json\" class=\"yoast-schema-graph\">{\"@context\":\"https:\/\/schema.org\",\"@graph\":[{\"@type\":\"WebPage\",\"@id\":\"https:\/\/recgas.com\/pt-pt\/catalogo\/\",\"url\":\"https:\/\/recgas.com\/pt-pt\/catalogo\/\",\"name\":\"Cat\u00e1logo - Recgas\",\"isPartOf\":{\"@id\":\"https:\/\/recgas.com\/#website\"},\"datePublished\":\"2022-01-25T16:28:26+00:00\",\"dateModified\":\"2023-09-21T10:07:24+00:00\",\"breadcrumb\":{\"@id\":\"https:\/\/recgas.com\/pt-pt\/catalogo\/#breadcrumb\"},\"inLanguage\":\"pt-PT\",\"potentialAction\":[{\"@type\":\"ReadAction\",\"target\":[\"https:\/\/recgas.com\/pt-pt\/catalogo\/\"]}]},{\"@type\":\"BreadcrumbList\",\"@id\":\"https:\/\/recgas.com\/pt-pt\/catalogo\/#breadcrumb\",\"itemListElement\":[{\"@type\":\"ListItem\",\"position\":1,\"name\":\"Portada\",\"item\":\"https:\/\/recgas.com\/pt-pt\/\"},{\"@type\":\"ListItem\",\"position\":2,\"name\":\"Cat\u00e1logo\"}]},{\"@type\":\"WebSite\",\"@id\":\"https:\/\/recgas.com\/#website\",\"url\":\"https:\/\/recgas.com\/\",\"name\":\"Recgas\",\"description\":\"Otro sitio realizado con WordPress\",\"publisher\":{\"@id\":\"https:\/\/recgas.com\/#organization\"},\"alternateName\":\"Recgas Fabricaci\u00f3n y distribuci\u00f3n de equipos para gas\",\"potentialAction\":[{\"@type\":\"SearchAction\",\"target\":{\"@type\":\"EntryPoint\",\"urlTemplate\":\"https:\/\/recgas.com\/?s={search_term_string}\"},\"query-input\":{\"@type\":\"PropertyValueSpecification\",\"valueRequired\":true,\"valueName\":\"search_term_string\"}}],\"inLanguage\":\"pt-PT\"},{\"@type\":\"Organization\",\"@id\":\"https:\/\/recgas.com\/#organization\",\"name\":\"Recgas\",\"alternateName\":\"Recgas Fabricaci\u00f3n y distribuci\u00f3n de equipos para gas\",\"url\":\"https:\/\/recgas.com\/\",\"logo\":{\"@type\":\"ImageObject\",\"inLanguage\":\"pt-PT\",\"@id\":\"https:\/\/recgas.com\/#\/schema\/logo\/image\/\",\"url\":\"https:\/\/recgas.com\/wp-content\/uploads\/2021\/12\/logo-recgas.png\",\"contentUrl\":\"https:\/\/recgas.com\/wp-content\/uploads\/2021\/12\/logo-recgas.png\",\"width\":253,\"height\":52,\"caption\":\"Recgas\"},\"image\":{\"@id\":\"https:\/\/recgas.com\/#\/schema\/logo\/image\/\"}}]}<\/script>\n<!-- \/ Yoast SEO plugin. -->","yoast_head_json":{"title":"Cat\u00e1logo - Recgas","robots":{"index":"index","follow":"follow","max-snippet":"max-snippet:-1","max-image-preview":"max-image-preview:large","max-video-preview":"max-video-preview:-1"},"canonical":"https:\/\/recgas.com\/pt-pt\/catalogo\/","og_locale":"pt_PT","og_type":"article","og_title":"Cat\u00e1logo - Recgas","og_description":"[vc_row full_width=&#8221;stretch_row&#8221; equal_height=&#8221;yes&#8221; content_placement=&#8221;middle&#8221; css=&#8221;.vc_custom_1642683703172{padding-top: 140px !important;padding-bottom: 100px !important;background-image: url(https:\/\/recgas.com\/wp-content\/uploads\/2022\/01\/bg-hero.jpg?id=279) !important;background-position: center !important;background-repeat: no-repeat !important;background-size: cover !important;}&#8221;][vc_column el_class=&#8221;max-hero&#8221;][vc_column_text] Cat\u00e1logo de produtos [\/vc_column_text][vc_column_text] Descubra o nosso cat\u00e1logo de produtos [\/vc_column_text][\/vc_column][\/vc_row][vc_row el_class=&#8221;padding-fila&#8221;][vc_column][vc_row_inner equal_height=&#8221;yes&#8221; content_placement=&#8221;top&#8221; gap=&#8221;20&#8243;][vc_column_inner el_class=&#8221;banner&#8221; width=&#8221;1\/2&#8243; css=&#8221;.vc_custom_1640014567237{background-image: url(https:\/\/recgas.com\/wp-content\/uploads\/2021\/12\/reguladores-home.jpg?id=190) !important;background-position: center !important;background-repeat: no-repeat !important;background-size: cover !important;}&#8221;][vc_column_text] 01\/ Reguladores [\/vc_column_text][vc_column_text] Reguladores de primeiro e segundo est\u00e1gio para G\u00e1s&hellip;","og_url":"https:\/\/recgas.com\/pt-pt\/catalogo\/","og_site_name":"Recgas","article_modified_time":"2023-09-21T10:07:24+00:00","twitter_card":"summary_large_image","twitter_misc":{"Tempo estimado de leitura":"1 minuto"},"schema":{"@context":"https:\/\/schema.org","@graph":[{"@type":"WebPage","@id":"https:\/\/recgas.com\/pt-pt\/catalogo\/","url":"https:\/\/recgas.com\/pt-pt\/catalogo\/","name":"Cat\u00e1logo - Recgas","isPartOf":{"@id":"https:\/\/recgas.com\/#website"},"datePublished":"2022-01-25T16:28:26+00:00","dateModified":"2023-09-21T10:07:24+00:00","breadcrumb":{"@id":"https:\/\/recgas.com\/pt-pt\/catalogo\/#breadcrumb"},"inLanguage":"pt-PT","potentialAction":[{"@type":"ReadAction","target":["https:\/\/recgas.com\/pt-pt\/catalogo\/"]}]},{"@type":"BreadcrumbList","@id":"https:\/\/recgas.com\/pt-pt\/catalogo\/#breadcrumb","itemListElement":[{"@type":"ListItem","position":1,"name":"Portada","item":"https:\/\/recgas.com\/pt-pt\/"},{"@type":"ListItem","position":2,"name":"Cat\u00e1logo"}]},{"@type":"WebSite","@id":"https:\/\/recgas.com\/#website","url":"https:\/\/recgas.com\/","name":"Recgas","description":"Otro sitio realizado con WordPress","publisher":{"@id":"https:\/\/recgas.com\/#organization"},"alternateName":"Recgas Fabricaci\u00f3n y distribuci\u00f3n de equipos para gas","potentialAction":[{"@type":"SearchAction","target":{"@type":"EntryPoint","urlTemplate":"https:\/\/recgas.com\/?s={search_term_string}"},"query-input":{"@type":"PropertyValueSpecification","valueRequired":true,"valueName":"search_term_string"}}],"inLanguage":"pt-PT"},{"@type":"Organization","@id":"https:\/\/recgas.com\/#organization","name":"Recgas","alternateName":"Recgas Fabricaci\u00f3n y distribuci\u00f3n de equipos para gas","url":"https:\/\/recgas.com\/","logo":{"@type":"ImageObject","inLanguage":"pt-PT","@id":"https:\/\/recgas.com\/#\/schema\/logo\/image\/","url":"https:\/\/recgas.com\/wp-content\/uploads\/2021\/12\/logo-recgas.png","contentUrl":"https:\/\/recgas.com\/wp-content\/uploads\/2021\/12\/logo-recgas.png","width":253,"height":52,"caption":"Recgas"},"image":{"@id":"https:\/\/recgas.com\/#\/schema\/logo\/image\/"}}]}},"_links":{"self":[{"href":"https:\/\/recgas.com\/pt-pt\/wp-json\/wp\/v2\/pages\/2119","targetHints":{"allow":["GET"]}}],"collection":[{"href":"https:\/\/recgas.com\/pt-pt\/wp-json\/wp\/v2\/pages"}],"about":[{"href":"https:\/\/recgas.com\/pt-pt\/wp-json\/wp\/v2\/types\/page"}],"author":[{"embeddable":true,"href":"https:\/\/recgas.com\/pt-pt\/wp-json\/wp\/v2\/users\/2"}],"replies":[{"embeddable":true,"href":"https:\/\/recgas.com\/pt-pt\/wp-json\/wp\/v2\/comments?post=2119"}],"version-history":[{"count":3,"href":"https:\/\/recgas.com\/pt-pt\/wp-json\/wp\/v2\/pages\/2119\/revisions"}],"predecessor-version":[{"id":4296,"href":"https:\/\/recgas.com\/pt-pt\/wp-json\/wp\/v2\/pages\/2119\/revisions\/4296"}],"wp:attachment":[{"href":"https:\/\/recgas.com\/pt-pt\/wp-json\/wp\/v2\/media?parent=2119"}],"curies":[{"name":"wp","href":"https:\/\/api.w.org\/{rel}","templated":true}]}}