{"id":2127,"date":"2022-01-20T14:02:57","date_gmt":"2022-01-20T13:02:57","guid":{"rendered":"https:\/\/recgas.com\/?page_id=2127"},"modified":"2023-09-21T11:12:40","modified_gmt":"2023-09-21T09:12:40","slug":"distribucion","status":"publish","type":"page","link":"https:\/\/recgas.com\/pt-pt\/distribucion\/","title":{"rendered":"Distribuci\u00f3n"},"content":{"rendered":"<div class=\"wpb-content-wrapper\"><p>[vc_row full_width=&#8221;stretch_row&#8221; equal_height=&#8221;yes&#8221; content_placement=&#8221;middle&#8221; css=&#8221;.vc_custom_1642683703172{padding-top: 140px !important;padding-bottom: 100px !important;background-image: url(https:\/\/recgas.com\/wp-content\/uploads\/2022\/01\/bg-hero.jpg?id=279) !important;background-position: center !important;background-repeat: no-repeat !important;background-size: cover !important;}&#8221;][vc_column el_class=&#8221;max-hero&#8221;][vc_column_text]<\/p>\n<h4 class=\"uppercase blanco fw-500 pb-30\">Distribui\u00e7\u00e3o<\/h4>\n<p>[\/vc_column_text][vc_column_text]<\/p>\n<h1 class=\"uppercase negrita blanco\">Os nossos produtos em qualquer parte do mundo.<\/h1>\n<p>[\/vc_column_text][\/vc_column][\/vc_row][vc_row equal_height=&#8221;yes&#8221; content_placement=&#8221;top&#8221; el_class=&#8221;padding-fila&#8221;][vc_column width=&#8221;5\/12&#8243;][vc_column_text]<\/p>\n<h2 class=\"titulo-interno color-principal\">Distribui\u00e7\u00e3o internacional<\/h2>\n<p>[\/vc_column_text][\/vc_column][vc_column width=&#8221;7\/12&#8243;][vc_column_text el_class=&#8221;pb-30&#8243;]<\/p>\n<p>Oferecemos solu\u00e7\u00f5es de distribui\u00e7\u00e3o para a nossa gama de produtos em qualquer parte do mundo. Consulte no nosso mapa interativo as \u00e1reas geogr\u00e1ficas onde pode obter distribui\u00e7\u00e3o direta do nosso cat\u00e1logo de refer\u00eancias.<\/p>\n<p>[\/vc_column_text][\/vc_column][\/vc_row][vc_row full_width=&#8221;stretch_row&#8221; css=&#8221;.vc_custom_1695287537333{padding-top: 70px !important;padding-bottom: 70px !important;background-color: rgba(230,230,230,0.49) !important;*background-color: rgb(230,230,230) !important;}&#8221;][vc_column][vc_raw_html]JTVCbWFwcGxpYyUyMGlkJTNEJTIyMzAzNiUyMiU1RA==[\/vc_raw_html][\/vc_column][\/vc_row][vc_row gap=&#8221;30&#8243; equal_height=&#8221;yes&#8221; content_placement=&#8221;top&#8221; el_class=&#8221;padding-fila&#8221;][vc_column width=&#8221;5\/12&#8243;][vc_column_text]<\/p>\n<h2 class=\"titulo-interno color-principal pb-30\">Seja um distribuidor<\/h2>\n<p>[\/vc_column_text][vc_column_text el_class=&#8221;pb-30&#8243;]Se pretende incorporar a gama de produtos Recgas no seu portof\u00f3lio de distribui\u00e7\u00e3o, contacte-nos para come\u00e7armos a trabalhar em conjunto.[\/vc_column_text][vc_column_text el_class=&#8221;lista_flechas&#8221;]<\/p>\n<ul>\n<li><strong>Ampla gama de produtos<\/strong> de fabrica\u00e7\u00e3o direta<\/li>\n<li><strong><strong>Qualidade testada e verificada <\/strong><\/strong>para as exig\u00eancias do mercado.<span style=\"font-family: Consolas, Monaco, monospace;\">\u00a0<\/span><\/li>\n<li><strong>Cumprimento rigoroso dos prazos<\/strong> de entrega de novos pedidos<\/li>\n<li><strong>Experiencia comprovada<\/strong> com anos de trajet\u00f3ria<\/li>\n<\/ul>\n<p>[\/vc_column_text][\/vc_column][vc_column width=&#8221;7\/12&#8243;]\n<div class=\"wpcf7 no-js\" id=\"wpcf7-f108-o1\" lang=\"es-ES\" dir=\"ltr\" data-wpcf7-id=\"108\">\n<div class=\"screen-reader-response\"><p role=\"status\" aria-live=\"polite\" aria-atomic=\"true\"><\/p> <ul><\/ul><\/div>\n<form action=\"\/pt-pt\/wp-json\/wp\/v2\/pages\/2127#wpcf7-f108-o1\" method=\"post\" class=\"wpcf7-form init\" aria-label=\"Formulario de contacto\" novalidate=\"novalidate\" data-status=\"init\">\n<fieldset class=\"hidden-fields-container\"><input type=\"hidden\" name=\"_wpcf7\" value=\"108\" \/><input type=\"hidden\" name=\"_wpcf7_version\" value=\"6.1.5\" \/><input type=\"hidden\" name=\"_wpcf7_locale\" value=\"es_ES\" \/><input type=\"hidden\" name=\"_wpcf7_unit_tag\" value=\"wpcf7-f108-o1\" \/><input type=\"hidden\" name=\"_wpcf7_container_post\" value=\"0\" \/><input type=\"hidden\" name=\"_wpcf7_posted_data_hash\" value=\"\" \/><input type=\"hidden\" name=\"_wpcf7_recaptcha_response\" value=\"\" \/>\n<\/fieldset>\n<div class=\"vc_row\">\n\t<div class=\"vc_col-md-6\">\n\t\t<p><label><span class=\"wpcf7-form-control-wrap\" data-name=\"nombre\"><input size=\"40\" maxlength=\"400\" class=\"wpcf7-form-control wpcf7-text wpcf7-validates-as-required\" aria-required=\"true\" aria-invalid=\"false\" placeholder=\"Nombre\" value=\"\" type=\"text\" name=\"nombre\" \/><\/span><\/label>\n\t\t<\/p>\n\t<\/div>\n\t<div class=\"vc_col-md-6\">\n\t\t<p><label><span class=\"wpcf7-form-control-wrap\" data-name=\"apellidos\"><input size=\"40\" maxlength=\"400\" class=\"wpcf7-form-control wpcf7-text wpcf7-validates-as-required\" aria-required=\"true\" aria-invalid=\"false\" placeholder=\"Apellidos\" value=\"\" type=\"text\" name=\"apellidos\" \/><\/span><\/label>\n\t\t<\/p>\n\t<\/div>\n\t<div class=\"vc_col-md-6\">\n\t\t<p><label><span class=\"wpcf7-form-control-wrap\" data-name=\"empresa\"><input size=\"40\" maxlength=\"400\" class=\"wpcf7-form-control wpcf7-text wpcf7-validates-as-required\" aria-required=\"true\" aria-invalid=\"false\" placeholder=\"Empresa\" value=\"\" type=\"text\" name=\"empresa\" \/><\/span><\/label>\n\t\t<\/p>\n\t<\/div>\n\t<div class=\"vc_col-md-6\">\n\t\t<p><label><span class=\"wpcf7-form-control-wrap\" data-name=\"pais\"><input size=\"40\" maxlength=\"400\" class=\"wpcf7-form-control wpcf7-text wpcf7-validates-as-required\" aria-required=\"true\" aria-invalid=\"false\" placeholder=\"Pa\u00eds\" value=\"\" type=\"text\" name=\"pais\" \/><\/span><\/label>\n\t\t<\/p>\n\t<\/div>\n\t<div class=\"vc_col-md-6\">\n\t\t<p><label><span class=\"wpcf7-form-control-wrap\" data-name=\"email\"><input size=\"40\" maxlength=\"400\" class=\"wpcf7-form-control wpcf7-email wpcf7-validates-as-required wpcf7-text wpcf7-validates-as-email\" aria-required=\"true\" aria-invalid=\"false\" placeholder=\"Email\" value=\"\" type=\"email\" name=\"email\" \/><\/span><\/label>\n\t\t<\/p>\n\t<\/div>\n\t<div class=\"vc_col-md-6\">\n\t\t<p><label><span class=\"wpcf7-form-control-wrap\" data-name=\"telefono\"><input size=\"40\" maxlength=\"400\" class=\"wpcf7-form-control wpcf7-tel wpcf7-validates-as-required wpcf7-text wpcf7-validates-as-tel\" aria-required=\"true\" aria-invalid=\"false\" placeholder=\"Tel\u00e9fono\" value=\"\" type=\"tel\" name=\"telefono\" \/><\/span><\/label>\n\t\t<\/p>\n\t<\/div>\n\t<div class=\"vc_col-md-12\">\n\t\t<p><label><span class=\"wpcf7-form-control-wrap\" data-name=\"mensaje\"><textarea cols=\"40\" rows=\"4\" maxlength=\"2000\" class=\"wpcf7-form-control wpcf7-textarea\" aria-invalid=\"false\" placeholder=\"Mensaje\" name=\"mensaje\"><\/textarea><\/span><\/label>\n\t\t<\/p>\n\t<\/div>\n<\/div>\n<div class=\"vc_row\">\n\t<div class=\"vc_col-md-8\">\n\t\t<p><span class=\"wpcf7-form-control-wrap\" data-name=\"acceptance-200\"><span class=\"wpcf7-form-control wpcf7-acceptance\"><span class=\"wpcf7-list-item\"><input type=\"checkbox\" name=\"acceptance-200\" value=\"1\" aria-invalid=\"false\" \/><\/span><\/span><\/span> He leido y acepto la pol\u00edtica de privacidad\n\t\t<\/p>\n\t\t<p class=\"texto-mini-form\"><br \/>\nLos campos marcados con (*) son obligatorios.<br \/>\n1. Administrador de datos: RECGAS S.L.<br \/>\n2. Prop\u00f3sito de datos: Relaci\u00f3n comercial e informaci\u00f3n sobre nuestros productos y servicios.<br \/>\n3. Almacenamiento de datos: Base de datos alojada en Cloudflare<br \/>\n4. Derechos: En cualquier momento puede <a href=\"\/politica-de-privacidad-politica-de-cookies-y-aviso-legal\/\" target=\"_blank\">limitar, recuperar, y eliminar su informaci\u00f3n.<\/a>\n\t\t<\/p>\n\t<\/div>\n\t<div class=\"vc_col-md-4\">\n\t\t<p><input class=\"wpcf7-form-control wpcf7-submit has-spinner\" type=\"submit\" value=\"Enviar solicitud\" \/>\n\t\t<\/p>\n\t<\/div>\n<\/div><div class=\"wpcf7-response-output\" aria-hidden=\"true\"><\/div>\n<\/form>\n<\/div>\n[\/vc_column][\/vc_row][vc_row full_width=&#8221;stretch_row&#8221; content_placement=&#8221;bottom&#8221; el_class=&#8221;padding-fila&#8221; css=&#8221;.vc_custom_1695287216057{margin-bottom: -50px !important;background-image: url(https:\/\/recgas.com\/wp-content\/uploads\/2021\/12\/Group-347.jpg?id=249) !important;background-position: center !important;background-repeat: no-repeat !important;background-size: cover !important;}&#8221;][vc_column][vc_column_text]<\/p>\n<p class=\"pretitulo blanco align-left\">Recgas<\/p>\n<p>[\/vc_column_text][vc_column_text]<\/p>\n<h2 class=\"titulo blanco align-left margin-cero\">L\u00edderes na fabrica\u00e7\u00e3o de equipamento para g\u00e1s.<\/h2>\n<p>[\/vc_column_text][vc_btn title=&#8221;PEDIR UM OR\u00c7AMENTO&#8221; style=&#8221;custom&#8221; custom_background=&#8221;#ffffff&#8221; custom_text=&#8221;#dd0f1d&#8221; shape=&#8221;square&#8221; size=&#8221;lg&#8221; align=&#8221;left&#8221; link=&#8221;url:%2Fpt-pt%2Fora%C2%A7amento%2F&#8221;][\/vc_column][\/vc_row]<\/p>\n<\/div>","protected":false},"excerpt":{"rendered":"<p>[vc_row full_width=&#8221;stretch_row&#8221; equal_height=&#8221;yes&#8221; content_placement=&#8221;middle&#8221; css=&#8221;.vc_custom_1642683703172{padding-top: 140px !important;padding-bottom: 100px !important;background-image: url(https:\/\/recgas.com\/wp-content\/uploads\/2022\/01\/bg-hero.jpg?id=279) !important;background-position: center !important;background-repeat: no-repeat !important;background-size: cover !important;}&#8221;][vc_column el_class=&#8221;max-hero&#8221;][vc_column_text] Distribui\u00e7\u00e3o [\/vc_column_text][vc_column_text] Os nossos produtos em qualquer parte do mundo. [\/vc_column_text][\/vc_column][\/vc_row][vc_row equal_height=&#8221;yes&#8221; content_placement=&#8221;top&#8221; el_class=&#8221;padding-fila&#8221;][vc_column width=&#8221;5\/12&#8243;][vc_column_text] Distribui\u00e7\u00e3o internacional [\/vc_column_text][\/vc_column][vc_column width=&#8221;7\/12&#8243;][vc_column_text el_class=&#8221;pb-30&#8243;] Oferecemos solu\u00e7\u00f5es de distribui\u00e7\u00e3o para a nossa gama de produtos em qualquer parte do mundo. Consulte no&hellip;<\/p>\n","protected":false},"author":2,"featured_media":0,"parent":0,"menu_order":0,"comment_status":"closed","ping_status":"closed","template":"","meta":{"_acf_changed":false,"_joinchat":[],"footnotes":""},"class_list":["post-2127","page","type-page","status-publish","hentry","description-off"],"acf":[],"yoast_head":"<!-- This site is optimized with the Yoast SEO plugin v26.8 - https:\/\/yoast.com\/product\/yoast-seo-wordpress\/ -->\n<title>Distribuci\u00f3n - Recgas<\/title>\n<meta name=\"robots\" content=\"index, follow, max-snippet:-1, max-image-preview:large, max-video-preview:-1\" \/>\n<link rel=\"canonical\" href=\"https:\/\/recgas.com\/pt-pt\/distribucion\/\" \/>\n<meta property=\"og:locale\" content=\"pt_PT\" \/>\n<meta property=\"og:type\" content=\"article\" \/>\n<meta property=\"og:title\" content=\"Distribuci\u00f3n - Recgas\" \/>\n<meta property=\"og:description\" content=\"[vc_row full_width=&#8221;stretch_row&#8221; equal_height=&#8221;yes&#8221; content_placement=&#8221;middle&#8221; css=&#8221;.vc_custom_1642683703172{padding-top: 140px !important;padding-bottom: 100px !important;background-image: url(https:\/\/recgas.com\/wp-content\/uploads\/2022\/01\/bg-hero.jpg?id=279) !important;background-position: center !important;background-repeat: no-repeat !important;background-size: cover !important;}&#8221;][vc_column el_class=&#8221;max-hero&#8221;][vc_column_text] Distribui\u00e7\u00e3o [\/vc_column_text][vc_column_text] Os nossos produtos em qualquer parte do mundo. [\/vc_column_text][\/vc_column][\/vc_row][vc_row equal_height=&#8221;yes&#8221; content_placement=&#8221;top&#8221; el_class=&#8221;padding-fila&#8221;][vc_column width=&#8221;5\/12&#8243;][vc_column_text] Distribui\u00e7\u00e3o internacional [\/vc_column_text][\/vc_column][vc_column width=&#8221;7\/12&#8243;][vc_column_text el_class=&#8221;pb-30&#8243;] Oferecemos solu\u00e7\u00f5es de distribui\u00e7\u00e3o para a nossa gama de produtos em qualquer parte do mundo. Consulte no&hellip;\" \/>\n<meta property=\"og:url\" content=\"https:\/\/recgas.com\/pt-pt\/distribucion\/\" \/>\n<meta property=\"og:site_name\" content=\"Recgas\" \/>\n<meta property=\"article:modified_time\" content=\"2023-09-21T09:12:40+00:00\" \/>\n<meta name=\"twitter:card\" content=\"summary_large_image\" \/>\n<meta name=\"twitter:label1\" content=\"Tempo estimado de leitura\" \/>\n\t<meta name=\"twitter:data1\" content=\"1 minuto\" \/>\n<script type=\"application\/ld+json\" class=\"yoast-schema-graph\">{\"@context\":\"https:\/\/schema.org\",\"@graph\":[{\"@type\":\"WebPage\",\"@id\":\"https:\/\/recgas.com\/pt-pt\/distribucion\/\",\"url\":\"https:\/\/recgas.com\/pt-pt\/distribucion\/\",\"name\":\"Distribuci\u00f3n - Recgas\",\"isPartOf\":{\"@id\":\"https:\/\/recgas.com\/#website\"},\"datePublished\":\"2022-01-20T13:02:57+00:00\",\"dateModified\":\"2023-09-21T09:12:40+00:00\",\"breadcrumb\":{\"@id\":\"https:\/\/recgas.com\/pt-pt\/distribucion\/#breadcrumb\"},\"inLanguage\":\"pt-PT\",\"potentialAction\":[{\"@type\":\"ReadAction\",\"target\":[\"https:\/\/recgas.com\/pt-pt\/distribucion\/\"]}]},{\"@type\":\"BreadcrumbList\",\"@id\":\"https:\/\/recgas.com\/pt-pt\/distribucion\/#breadcrumb\",\"itemListElement\":[{\"@type\":\"ListItem\",\"position\":1,\"name\":\"Portada\",\"item\":\"https:\/\/recgas.com\/pt-pt\/\"},{\"@type\":\"ListItem\",\"position\":2,\"name\":\"Distribuci\u00f3n\"}]},{\"@type\":\"WebSite\",\"@id\":\"https:\/\/recgas.com\/#website\",\"url\":\"https:\/\/recgas.com\/\",\"name\":\"Recgas\",\"description\":\"Otro sitio realizado con WordPress\",\"publisher\":{\"@id\":\"https:\/\/recgas.com\/#organization\"},\"alternateName\":\"Recgas Fabricaci\u00f3n y distribuci\u00f3n de equipos para gas\",\"potentialAction\":[{\"@type\":\"SearchAction\",\"target\":{\"@type\":\"EntryPoint\",\"urlTemplate\":\"https:\/\/recgas.com\/?s={search_term_string}\"},\"query-input\":{\"@type\":\"PropertyValueSpecification\",\"valueRequired\":true,\"valueName\":\"search_term_string\"}}],\"inLanguage\":\"pt-PT\"},{\"@type\":\"Organization\",\"@id\":\"https:\/\/recgas.com\/#organization\",\"name\":\"Recgas\",\"alternateName\":\"Recgas Fabricaci\u00f3n y distribuci\u00f3n de equipos para gas\",\"url\":\"https:\/\/recgas.com\/\",\"logo\":{\"@type\":\"ImageObject\",\"inLanguage\":\"pt-PT\",\"@id\":\"https:\/\/recgas.com\/#\/schema\/logo\/image\/\",\"url\":\"https:\/\/recgas.com\/wp-content\/uploads\/2021\/12\/logo-recgas.png\",\"contentUrl\":\"https:\/\/recgas.com\/wp-content\/uploads\/2021\/12\/logo-recgas.png\",\"width\":253,\"height\":52,\"caption\":\"Recgas\"},\"image\":{\"@id\":\"https:\/\/recgas.com\/#\/schema\/logo\/image\/\"}}]}<\/script>\n<!-- \/ Yoast SEO plugin. -->","yoast_head_json":{"title":"Distribuci\u00f3n - Recgas","robots":{"index":"index","follow":"follow","max-snippet":"max-snippet:-1","max-image-preview":"max-image-preview:large","max-video-preview":"max-video-preview:-1"},"canonical":"https:\/\/recgas.com\/pt-pt\/distribucion\/","og_locale":"pt_PT","og_type":"article","og_title":"Distribuci\u00f3n - Recgas","og_description":"[vc_row full_width=&#8221;stretch_row&#8221; equal_height=&#8221;yes&#8221; content_placement=&#8221;middle&#8221; css=&#8221;.vc_custom_1642683703172{padding-top: 140px !important;padding-bottom: 100px !important;background-image: url(https:\/\/recgas.com\/wp-content\/uploads\/2022\/01\/bg-hero.jpg?id=279) !important;background-position: center !important;background-repeat: no-repeat !important;background-size: cover !important;}&#8221;][vc_column el_class=&#8221;max-hero&#8221;][vc_column_text] Distribui\u00e7\u00e3o [\/vc_column_text][vc_column_text] Os nossos produtos em qualquer parte do mundo. [\/vc_column_text][\/vc_column][\/vc_row][vc_row equal_height=&#8221;yes&#8221; content_placement=&#8221;top&#8221; el_class=&#8221;padding-fila&#8221;][vc_column width=&#8221;5\/12&#8243;][vc_column_text] Distribui\u00e7\u00e3o internacional [\/vc_column_text][\/vc_column][vc_column width=&#8221;7\/12&#8243;][vc_column_text el_class=&#8221;pb-30&#8243;] Oferecemos solu\u00e7\u00f5es de distribui\u00e7\u00e3o para a nossa gama de produtos em qualquer parte do mundo. Consulte no&hellip;","og_url":"https:\/\/recgas.com\/pt-pt\/distribucion\/","og_site_name":"Recgas","article_modified_time":"2023-09-21T09:12:40+00:00","twitter_card":"summary_large_image","twitter_misc":{"Tempo estimado de leitura":"1 minuto"},"schema":{"@context":"https:\/\/schema.org","@graph":[{"@type":"WebPage","@id":"https:\/\/recgas.com\/pt-pt\/distribucion\/","url":"https:\/\/recgas.com\/pt-pt\/distribucion\/","name":"Distribuci\u00f3n - Recgas","isPartOf":{"@id":"https:\/\/recgas.com\/#website"},"datePublished":"2022-01-20T13:02:57+00:00","dateModified":"2023-09-21T09:12:40+00:00","breadcrumb":{"@id":"https:\/\/recgas.com\/pt-pt\/distribucion\/#breadcrumb"},"inLanguage":"pt-PT","potentialAction":[{"@type":"ReadAction","target":["https:\/\/recgas.com\/pt-pt\/distribucion\/"]}]},{"@type":"BreadcrumbList","@id":"https:\/\/recgas.com\/pt-pt\/distribucion\/#breadcrumb","itemListElement":[{"@type":"ListItem","position":1,"name":"Portada","item":"https:\/\/recgas.com\/pt-pt\/"},{"@type":"ListItem","position":2,"name":"Distribuci\u00f3n"}]},{"@type":"WebSite","@id":"https:\/\/recgas.com\/#website","url":"https:\/\/recgas.com\/","name":"Recgas","description":"Otro sitio realizado con WordPress","publisher":{"@id":"https:\/\/recgas.com\/#organization"},"alternateName":"Recgas Fabricaci\u00f3n y distribuci\u00f3n de equipos para gas","potentialAction":[{"@type":"SearchAction","target":{"@type":"EntryPoint","urlTemplate":"https:\/\/recgas.com\/?s={search_term_string}"},"query-input":{"@type":"PropertyValueSpecification","valueRequired":true,"valueName":"search_term_string"}}],"inLanguage":"pt-PT"},{"@type":"Organization","@id":"https:\/\/recgas.com\/#organization","name":"Recgas","alternateName":"Recgas Fabricaci\u00f3n y distribuci\u00f3n de equipos para gas","url":"https:\/\/recgas.com\/","logo":{"@type":"ImageObject","inLanguage":"pt-PT","@id":"https:\/\/recgas.com\/#\/schema\/logo\/image\/","url":"https:\/\/recgas.com\/wp-content\/uploads\/2021\/12\/logo-recgas.png","contentUrl":"https:\/\/recgas.com\/wp-content\/uploads\/2021\/12\/logo-recgas.png","width":253,"height":52,"caption":"Recgas"},"image":{"@id":"https:\/\/recgas.com\/#\/schema\/logo\/image\/"}}]}},"_links":{"self":[{"href":"https:\/\/recgas.com\/pt-pt\/wp-json\/wp\/v2\/pages\/2127","targetHints":{"allow":["GET"]}}],"collection":[{"href":"https:\/\/recgas.com\/pt-pt\/wp-json\/wp\/v2\/pages"}],"about":[{"href":"https:\/\/recgas.com\/pt-pt\/wp-json\/wp\/v2\/types\/page"}],"author":[{"embeddable":true,"href":"https:\/\/recgas.com\/pt-pt\/wp-json\/wp\/v2\/users\/2"}],"replies":[{"embeddable":true,"href":"https:\/\/recgas.com\/pt-pt\/wp-json\/wp\/v2\/comments?post=2127"}],"version-history":[{"count":5,"href":"https:\/\/recgas.com\/pt-pt\/wp-json\/wp\/v2\/pages\/2127\/revisions"}],"predecessor-version":[{"id":4287,"href":"https:\/\/recgas.com\/pt-pt\/wp-json\/wp\/v2\/pages\/2127\/revisions\/4287"}],"wp:attachment":[{"href":"https:\/\/recgas.com\/pt-pt\/wp-json\/wp\/v2\/media?parent=2127"}],"curies":[{"name":"wp","href":"https:\/\/api.w.org\/{rel}","templated":true}]}}