{"id":2130,"date":"2022-01-20T17:30:52","date_gmt":"2022-01-20T16:30:52","guid":{"rendered":"https:\/\/recgas.com\/?page_id=2130"},"modified":"2023-09-21T11:01:30","modified_gmt":"2023-09-21T09:01:30","slug":"conocenos","status":"publish","type":"page","link":"https:\/\/recgas.com\/pt-pt\/conocenos\/","title":{"rendered":"Con\u00f3cenos"},"content":{"rendered":"<div class=\"wpb-content-wrapper\"><p>[vc_row full_width=&#8221;stretch_row&#8221; equal_height=&#8221;yes&#8221; content_placement=&#8221;middle&#8221; css=&#8221;.vc_custom_1642683703172{padding-top: 140px !important;padding-bottom: 100px !important;background-image: url(https:\/\/recgas.com\/wp-content\/uploads\/2022\/01\/bg-hero.jpg?id=279) !important;background-position: center !important;background-repeat: no-repeat !important;background-size: cover !important;}&#8221;][vc_column el_class=&#8221;max-hero&#8221;][vc_column_text]<\/p>\n<h4 class=\"uppercase blanco fw-500 pb-30\">Conhe\u00e7a-nos<\/h4>\n<p>[\/vc_column_text][vc_column_text]<\/p>\n<h1 class=\"uppercase negrita blanco\">Conhece a nossa proposta de valor<\/h1>\n<p>[\/vc_column_text][\/vc_column][\/vc_row][vc_row content_placement=&#8221;bottom&#8221; el_class=&#8221;padding-fila fila-lideres-mercado&#8221;][vc_column width=&#8221;1\/2&#8243; el_class=&#8221;cuadro-rojo cuadro-certificado&#8221;][vc_column_text]<\/p>\n<p class=\"pretitulo blanco align-left\">Experi\u00eancia<\/p>\n<p>[\/vc_column_text][vc_column_text]<\/p>\n<h2 class=\"titulo titulo_30 blanco align-left\">L\u00edderes no mercado de g\u00e1s natural<\/h2>\n<p>[\/vc_column_text][vc_column_text el_class=&#8221;pb-30&#8243;]<\/p>\n<p class=\"blanco\">RECGAS\u00a0 \u00e9<span class=\"Y2IQFc\" lang=\"pt\">\u00a0uma empresa familiar que foi fundada em 1999. Atualmente, a segunda gera\u00e7\u00e3o est\u00e1 no comando.<\/span><\/p>\n<p class=\"blanco\">RECGAS temos uma vasta experi\u00eancia no projeto e fabrica\u00e7\u00e3o de Reguladores de G\u00e1s, bem como outros produtos como V\u00e1lvulas de Seguran\u00e7a, Transi\u00e7\u00f5es PE\/Metal e Filtros de G\u00e1s.<\/p>\n<p>[\/vc_column_text][\/vc_column][vc_column width=&#8221;1\/2&#8243; css=&#8221;.vc_custom_1640020540038{background-color: #ffffff !important;}&#8221;][\/vc_column][\/vc_row][vc_row full_width=&#8221;stretch_row&#8221; css=&#8221;.vc_custom_1640017810489{background-image: url(https:\/\/recgas.com\/wp-content\/uploads\/2021\/12\/bg-apuesta-home.jpg?id=208) !important;background-position: center !important;background-repeat: no-repeat !important;background-size: cover !important;}&#8221; el_class=&#8221;padding-fila&#8221;][vc_column][vc_column_text]<\/p>\n<p class=\"pretitulo blanco\">Compromisso com a qualidade<\/p>\n<p>[\/vc_column_text][vc_column_text]<\/p>\n<h2 class=\"titulo blanco\">Aposta na nossa inova\u00e7\u00e3o e experi\u00eancia<\/h2>\n<p>[\/vc_column_text][vc_row_inner][vc_column_inner width=&#8221;1\/3&#8243;][vc_single_image image=&#8221;215&#8243; alignment=&#8221;center&#8221; el_class=&#8221;pb-30&#8243;][vc_column_text]<\/p>\n<h4 class=\"uppercase blanco negrita texto-centro pb-10\">Mais de 300.000<\/h4>\n<p>[\/vc_column_text][vc_column_text]<\/p>\n<p class=\"blanco texto-centro pb-60\">unidades fabricadas por ano<\/p>\n<p>[\/vc_column_text][\/vc_column_inner][vc_column_inner width=&#8221;1\/3&#8243;][vc_single_image image=&#8221;212&#8243; alignment=&#8221;center&#8221; el_class=&#8221;pb-30&#8243;][vc_column_text]<\/p>\n<h4 class=\"uppercase blanco negrita texto-centro pb-10\">1000 m2<\/h4>\n<p>[\/vc_column_text][vc_column_text]<\/p>\n<p class=\"blanco texto-centro pb-60\">de instala\u00e7\u00f5es<\/p>\n<p>[\/vc_column_text][\/vc_column_inner][vc_column_inner width=&#8221;1\/3&#8243;][vc_single_image image=&#8221;217&#8243; alignment=&#8221;center&#8221; el_class=&#8221;pb-30&#8243;][vc_column_text]<\/p>\n<h4 class=\"uppercase blanco negrita texto-centro pb-10\">Mais de 20 profissionais<\/h4>\n<p>[\/vc_column_text][vc_column_text]<\/p>\n<p class=\"blanco texto-centro pb-60\">na nossa equipa<\/p>\n<p>[\/vc_column_text][\/vc_column_inner][vc_column_inner width=&#8221;1\/3&#8243;][vc_single_image image=&#8221;216&#8243; alignment=&#8221;center&#8221; el_class=&#8221;pb-30&#8243;][vc_column_text]<\/p>\n<h4 class=\"uppercase blanco negrita texto-centro pb-10\">Flexibilidade<\/h4>\n<p>[\/vc_column_text][vc_column_text]<\/p>\n<p class=\"blanco texto-centro pb-60\">Nos adaptamos a tus necesidades<\/p>\n<p>[\/vc_column_text][\/vc_column_inner][vc_column_inner width=&#8221;1\/3&#8243;][vc_single_image image=&#8221;214&#8243; alignment=&#8221;center&#8221; el_class=&#8221;pb-30&#8243;][vc_column_text]<\/p>\n<h4 class=\"uppercase blanco negrita texto-centro pb-10\">Confian\u00e7a<\/h4>\n<p>[\/vc_column_text][vc_column_text]<\/p>\n<p class=\"blanco texto-centro pb-60\">Somos rigorosos com o cumprimento de prazos de entregas<\/p>\n<p>[\/vc_column_text][\/vc_column_inner][vc_column_inner width=&#8221;1\/3&#8243;][vc_single_image image=&#8221;213&#8243; alignment=&#8221;center&#8221; el_class=&#8221;pb-30&#8243;][vc_column_text]<\/p>\n<h4 class=\"uppercase blanco negrita texto-centro pb-10\">Qualidade<\/h4>\n<p>[\/vc_column_text][vc_column_text]<\/p>\n<p class=\"blanco texto-centro pb-60\">Inova\u00e7\u00e3o e excel\u00eancia no produto como principais objetivos<\/p>\n<p>[\/vc_column_text][\/vc_column_inner][\/vc_row_inner][\/vc_column][\/vc_row][vc_row content_placement=&#8221;bottom&#8221; css=&#8221;.vc_custom_1642697719506{padding-top: 150px !important;}&#8221; el_class=&#8221;padding-fila fila-compromiso&#8221;][vc_column width=&#8221;1\/2&#8243;][\/vc_column][vc_column width=&#8221;1\/2&#8243; el_class=&#8221;cuadro-rojo cuadro-calidad&#8221;][vc_column_text]<\/p>\n<p class=\"pretitulo blanco align-left\">Qualidade<\/p>\n<p>[\/vc_column_text][vc_column_text]<\/p>\n<h2 class=\"titulo titulo_30 blanco align-left\">Compromisso com a qualidade<\/h2>\n<p>[\/vc_column_text][vc_column_text el_class=&#8221;pb-30&#8243;]<\/p>\n<p class=\"blanco\">Entendemos a qualidade como uma filosofia de trabalho, que se concretiza na entrega de um produto adequado ao seu uso, no prazo estabelecido e ao melhor custo.<\/p>\n<p class=\"blanco\">Recgas iniciou a comercializa\u00e7\u00e3o dos seus produtos em 2000, ap\u00f3s obter a certifica\u00e7\u00e3o AENOR com a marca N, requisito essencial para a comercializa\u00e7\u00e3o do produto em Espanha.<\/p>\n<p class=\"blanco\">Em\u00a0 2002 obteve o registro de empresa ISO-9001, que atesta a qualidade de seu processo produtivo.<\/p>\n<p class=\"blanco\">Em 2021 RECGAS obt\u00e9m o certificado CE para seus reguladores para uso dom\u00e9stico e comercial.<\/p>\n<p>[\/vc_column_text][\/vc_column][\/vc_row][vc_row full_width=&#8221;stretch_row&#8221; el_class=&#8221;padding-fila&#8221; css=&#8221;.vc_custom_1640020959352{background-color: rgba(230,230,230,0.49) !important;*background-color: rgb(230,230,230) !important;}&#8221;][vc_column][vc_column_text]<\/p>\n<p class=\"pretitulo-interno\">RECGAS possui uma importante carteira de clientes na Europa, \u00c1sia e Am\u00e9rica Latina.<\/p>\n<p>[\/vc_column_text][vc_column_text el_class=&#8221;pb-60&#8243;]<\/p>\n<h2 class=\"titulo-interno color-principal\">Nossos produtos s\u00e3o utilizados em importantes empresas de distribui\u00e7\u00e3o de g\u00e1s<\/h2>\n<p>[\/vc_column_text]<style type=\"text\/css\" data-type=\"the7_shortcodes-inline-css\">.carousel-shortcode.carousel-shortcode-id-904647da002429bb77c4dd5ef505c3ae .owl-nav a {\n  width: 36px;\n  height: 36px;\n  border-radius: 500px;\n}\n.dt-arrow-border-on.carousel-shortcode.carousel-shortcode-id-904647da002429bb77c4dd5ef505c3ae .owl-nav a:not(:hover):before {\n  border-width: 0px;\n}\n.dt-arrow-hover-border-on.carousel-shortcode.carousel-shortcode-id-904647da002429bb77c4dd5ef505c3ae .owl-nav a:hover:after {\n  border-width: 0px;\n}\n.carousel-shortcode.carousel-shortcode-id-904647da002429bb77c4dd5ef505c3ae .owl-nav a.owl-prev {\n  top: 50%;\n  transform: translateY(calc(-50% + 0px));\n  left: -43px;\n}\n@media all and (-ms-high-contrast: none) {\n  .carousel-shortcode.carousel-shortcode-id-904647da002429bb77c4dd5ef505c3ae .owl-nav a.owl-prev {\n    transform: translateY(-50%);\n    margin-top: 0px;\n  }\n}\n.carousel-shortcode.carousel-shortcode-id-904647da002429bb77c4dd5ef505c3ae .owl-nav a.owl-prev i {\n  padding: 0px 0px 0px 0px;\n}\n.carousel-shortcode.carousel-shortcode-id-904647da002429bb77c4dd5ef505c3ae .owl-nav a.owl-next {\n  top: 50%;\n  transform: translateY(calc(-50% + 0px));\n  right: -43px;\n}\n@media all and (-ms-high-contrast: none) {\n  .carousel-shortcode.carousel-shortcode-id-904647da002429bb77c4dd5ef505c3ae .owl-nav a.owl-next {\n    transform: translateY(-50%);\n    margin-top: 0px;\n  }\n}\n.carousel-shortcode.carousel-shortcode-id-904647da002429bb77c4dd5ef505c3ae .owl-nav a.owl-next i {\n  padding: 0px 0px 0px 0px;\n}\n.carousel-shortcode.carousel-shortcode-id-904647da002429bb77c4dd5ef505c3ae .owl-nav i {\n  font-size: 18px;\n}\n.carousel-shortcode.carousel-shortcode-id-904647da002429bb77c4dd5ef505c3ae .owl-nav a:not(:hover) i,\n.carousel-shortcode.carousel-shortcode-id-904647da002429bb77c4dd5ef505c3ae .owl-nav a:not(:hover) i:before {\n  color: #ffffff;\n  background: none;\n}\n.carousel-shortcode.carousel-shortcode-id-904647da002429bb77c4dd5ef505c3ae .owl-nav a:hover i,\n.carousel-shortcode.carousel-shortcode-id-904647da002429bb77c4dd5ef505c3ae .owl-nav a:hover i:before {\n  color: rgba(255,255,255,0.75);\n  background: none;\n}\n.carousel-shortcode.carousel-shortcode-id-904647da002429bb77c4dd5ef505c3ae .owl-dots {\n  top: calc(100% + 20px);\n  left: 50%;\n  transform: translateX(calc(-50% + 0px));\n}\n@media all and (-ms-high-contrast: none) {\n  .carousel-shortcode.carousel-shortcode-id-904647da002429bb77c4dd5ef505c3ae .owl-dots {\n    transform: translateX(-50%);\n    margin-left: 0px;\n  }\n}\n.carousel-shortcode.carousel-shortcode-id-904647da002429bb77c4dd5ef505c3ae .owl-dot {\n  width: 10px;\n  height: 10px;\n  margin: 0 8px;\n}\n.bullets-scale-up.carousel-shortcode.carousel-shortcode-id-904647da002429bb77c4dd5ef505c3ae .owl-dot:not(.active):not(:hover) span {\n  background: #ffffff;\n}\n.bullets-scale-up.carousel-shortcode.carousel-shortcode-id-904647da002429bb77c4dd5ef505c3ae .owl-dot:not(.active):hover span,\n.bullets-scale-up.carousel-shortcode.carousel-shortcode-id-904647da002429bb77c4dd5ef505c3ae .owl-dot.active span {\n  background: #089808;\n}\n.bullets-stroke.carousel-shortcode.carousel-shortcode-id-904647da002429bb77c4dd5ef505c3ae .owl-dot:not(.active):not(:hover) span {\n  background: #ffffff;\n}\n.bullets-stroke.carousel-shortcode.carousel-shortcode-id-904647da002429bb77c4dd5ef505c3ae .owl-dot:not(.active):hover span {\n  background: #089808;\n}\n.bullets-stroke.carousel-shortcode.carousel-shortcode-id-904647da002429bb77c4dd5ef505c3ae .owl-dot.active span {\n  box-shadow: 0 0 0 2px #089808;\n}\n.bullets-fill-in.carousel-shortcode.carousel-shortcode-id-904647da002429bb77c4dd5ef505c3ae .owl-dot:not(.active):not(:hover) span {\n  box-shadow: inset 0 0 0 2px #ffffff;\n}\n.bullets-fill-in.carousel-shortcode.carousel-shortcode-id-904647da002429bb77c4dd5ef505c3ae .owl-dot:not(.active):hover span {\n  box-shadow: inset 0 0 0 2px #089808;\n}\n.bullets-fill-in.carousel-shortcode.carousel-shortcode-id-904647da002429bb77c4dd5ef505c3ae .owl-dot.active span {\n  box-shadow: inset 0 0 0 20px #089808;\n}\n.bullets-small-dot-stroke.carousel-shortcode.carousel-shortcode-id-904647da002429bb77c4dd5ef505c3ae .owl-dot:not(.active):not(:hover) span {\n  background: #ffffff;\n}\n.bullets-small-dot-stroke.carousel-shortcode.carousel-shortcode-id-904647da002429bb77c4dd5ef505c3ae .owl-dot:not(.active):hover span,\n.bullets-small-dot-stroke.carousel-shortcode.carousel-shortcode-id-904647da002429bb77c4dd5ef505c3ae .owl-dot.active span {\n  background: #089808;\n}\n.bullets-small-dot-stroke.carousel-shortcode.carousel-shortcode-id-904647da002429bb77c4dd5ef505c3ae .owl-dot.active {\n  box-shadow: 0 0 0 2px #089808;\n}\n.bullets-ubax.carousel-shortcode.carousel-shortcode-id-904647da002429bb77c4dd5ef505c3ae .owl-dot span {\n  background: #ffffff;\n}\n.bullets-ubax.carousel-shortcode.carousel-shortcode-id-904647da002429bb77c4dd5ef505c3ae .owl-dot.active span {\n  border-color: #089808;\n}\n.bullets-ubax.carousel-shortcode.carousel-shortcode-id-904647da002429bb77c4dd5ef505c3ae .owl-dot:not(.active):hover span {\n  background: #089808;\n}\n.bullets-etefu.carousel-shortcode.carousel-shortcode-id-904647da002429bb77c4dd5ef505c3ae .owl-dot span {\n  background: #ffffff;\n}\n.bullets-etefu.carousel-shortcode.carousel-shortcode-id-904647da002429bb77c4dd5ef505c3ae .owl-dot:not(.active):hover span {\n  background: #089808;\n}\n.bullets-etefu.carousel-shortcode.carousel-shortcode-id-904647da002429bb77c4dd5ef505c3ae .owl-dot span:before {\n  background: #089808;\n}\n.accent-gradient .bullets-etefu.carousel-shortcode.carousel-shortcode-id-904647da002429bb77c4dd5ef505c3ae .owl-dot span:before {\n  background: #089808;\n}\n@media screen and (max-width: 778px) {\n  .carousel-shortcode.carousel-shortcode-id-904647da002429bb77c4dd5ef505c3ae.hide-arrows .owl-nav a {\n    display: none;\n  }\n}\n@media screen and (max-width: 778px) {\n  .carousel-shortcode.carousel-shortcode-id-904647da002429bb77c4dd5ef505c3ae.reposition-arrows .owl-nav .owl-prev {\n    top: 50%;\n    transform: translateY(calc(-50% + 0px));\n    left: 10px;\n  }\n  .carousel-shortcode.carousel-shortcode-id-904647da002429bb77c4dd5ef505c3ae.reposition-arrows .owl-nav .owl-next {\n    top: 50%;\n    transform: translateY(calc(-50% + 0px));\n    right: 10px;\n  }\n}\n@media screen and (max-width: 778px) and all and (-ms-high-contrast: none) {\n  .carousel-shortcode.carousel-shortcode-id-904647da002429bb77c4dd5ef505c3ae.reposition-arrows .owl-nav .owl-prev {\n    transform: translateY(-50%);\n    margin-top: 0px;\n  }\n}\n@media screen and (max-width: 778px) and all and (-ms-high-contrast: none) {\n  .carousel-shortcode.carousel-shortcode-id-904647da002429bb77c4dd5ef505c3ae.reposition-arrows .owl-nav .owl-next {\n    transform: translateY(-50%);\n    margin-top: 0px;\n  }\n}\n<\/style><div class=\"owl-carousel carousel-shortcode dt-owl-carousel-call carousel-shortcode-id-904647da002429bb77c4dd5ef505c3ae bullets-fill-in reposition-arrows arrows-bg-on dt-arrow-border-on dt-arrow-hover-border-on disable-arrows-hover-bg arrows-hover-bg-on  \" data-scroll-mode=\"page\" data-col-num=\"5\" data-wide-col-num=\"5\" data-laptop-col=\"3\" data-h-tablet-columns-num=\"3\" data-v-tablet-columns-num=\"2\" data-phone-columns-num=\"1\" data-auto-height=\"false\" data-col-gap=\"20\" data-stage-padding=\"0\" data-speed=\"600\" data-autoplay=\"false\" data-autoplay_speed=\"6000\" data-arrows=\"false\" data-bullet=\"true\" data-next-icon=\"icon-ar-017-r\" data-prev-icon=\"icon-ar-017-l\">[vc_single_image image=&#8221;337&#8243; img_size=&#8221;medium&#8221; alignment=&#8221;center&#8221; image_hovers=&#8221;false&#8221;][vc_single_image image=&#8221;338&#8243; img_size=&#8221;medium&#8221; alignment=&#8221;center&#8221; image_hovers=&#8221;false&#8221;][vc_single_image image=&#8221;339&#8243; img_size=&#8221;medium&#8221; alignment=&#8221;center&#8221; image_hovers=&#8221;false&#8221;][vc_single_image image=&#8221;340&#8243; img_size=&#8221;medium&#8221; alignment=&#8221;center&#8221; image_hovers=&#8221;false&#8221;][vc_single_image image=&#8221;341&#8243; img_size=&#8221;medium&#8221; alignment=&#8221;center&#8221; image_hovers=&#8221;false&#8221;]<\/div>[\/vc_column][\/vc_row][vc_row full_width=&#8221;stretch_row&#8221; content_placement=&#8221;bottom&#8221; el_class=&#8221;padding-fila&#8221; css=&#8221;.vc_custom_1695285557810{margin-bottom: -50px !important;background-image: url(https:\/\/recgas.com\/wp-content\/uploads\/2021\/12\/Group-347.jpg?id=249) !important;background-position: center !important;background-repeat: no-repeat !important;background-size: cover !important;}&#8221;][vc_column][vc_column_text]<\/p>\n<p class=\"pretitulo blanco align-left\">Recgas<\/p>\n<p>[\/vc_column_text][vc_column_text]<\/p>\n<h2 class=\"titulo blanco align-left margin-cero\">L\u00edderes na fabrica\u00e7\u00e3o de equipamento para g\u00e1s.<\/h2>\n<p>[\/vc_column_text][vc_btn title=&#8221;PEDIR UM OR\u00c7AMENTO&#8221; style=&#8221;custom&#8221; custom_background=&#8221;#ffffff&#8221; custom_text=&#8221;#dd0f1d&#8221; shape=&#8221;square&#8221; size=&#8221;lg&#8221; align=&#8221;left&#8221; link=&#8221;url:%2Fpt-pt%2Fora%C2%A7amento%2F&#8221;][\/vc_column][\/vc_row]<\/p>\n<\/div>","protected":false},"excerpt":{"rendered":"<p>[vc_row full_width=&#8221;stretch_row&#8221; equal_height=&#8221;yes&#8221; content_placement=&#8221;middle&#8221; css=&#8221;.vc_custom_1642683703172{padding-top: 140px !important;padding-bottom: 100px !important;background-image: url(https:\/\/recgas.com\/wp-content\/uploads\/2022\/01\/bg-hero.jpg?id=279) !important;background-position: center !important;background-repeat: no-repeat !important;background-size: cover !important;}&#8221;][vc_column el_class=&#8221;max-hero&#8221;][vc_column_text] Conhe\u00e7a-nos [\/vc_column_text][vc_column_text] Conhece a nossa proposta de valor [\/vc_column_text][\/vc_column][\/vc_row][vc_row content_placement=&#8221;bottom&#8221; el_class=&#8221;padding-fila fila-lideres-mercado&#8221;][vc_column width=&#8221;1\/2&#8243; el_class=&#8221;cuadro-rojo cuadro-certificado&#8221;][vc_column_text] Experi\u00eancia [\/vc_column_text][vc_column_text] L\u00edderes no mercado de g\u00e1s natural [\/vc_column_text][vc_column_text el_class=&#8221;pb-30&#8243;] RECGAS\u00a0 \u00e9\u00a0uma empresa familiar que foi fundada em 1999. Atualmente, a segunda&hellip;<\/p>\n","protected":false},"author":2,"featured_media":0,"parent":0,"menu_order":0,"comment_status":"closed","ping_status":"closed","template":"","meta":{"_acf_changed":false,"_joinchat":[],"footnotes":""},"class_list":["post-2130","page","type-page","status-publish","hentry","description-off"],"acf":[],"yoast_head":"<!-- This site is optimized with the Yoast SEO plugin v26.8 - https:\/\/yoast.com\/product\/yoast-seo-wordpress\/ -->\n<title>Con\u00f3cenos - Recgas<\/title>\n<meta name=\"robots\" content=\"index, follow, max-snippet:-1, max-image-preview:large, max-video-preview:-1\" \/>\n<link rel=\"canonical\" href=\"https:\/\/recgas.com\/pt-pt\/conocenos\/\" \/>\n<meta property=\"og:locale\" content=\"pt_PT\" \/>\n<meta property=\"og:type\" content=\"article\" \/>\n<meta property=\"og:title\" content=\"Con\u00f3cenos - Recgas\" \/>\n<meta property=\"og:description\" content=\"[vc_row full_width=&#8221;stretch_row&#8221; equal_height=&#8221;yes&#8221; content_placement=&#8221;middle&#8221; css=&#8221;.vc_custom_1642683703172{padding-top: 140px !important;padding-bottom: 100px !important;background-image: url(https:\/\/recgas.com\/wp-content\/uploads\/2022\/01\/bg-hero.jpg?id=279) !important;background-position: center !important;background-repeat: no-repeat !important;background-size: cover !important;}&#8221;][vc_column el_class=&#8221;max-hero&#8221;][vc_column_text] Conhe\u00e7a-nos [\/vc_column_text][vc_column_text] Conhece a nossa proposta de valor [\/vc_column_text][\/vc_column][\/vc_row][vc_row content_placement=&#8221;bottom&#8221; el_class=&#8221;padding-fila fila-lideres-mercado&#8221;][vc_column width=&#8221;1\/2&#8243; el_class=&#8221;cuadro-rojo cuadro-certificado&#8221;][vc_column_text] Experi\u00eancia [\/vc_column_text][vc_column_text] L\u00edderes no mercado de g\u00e1s natural [\/vc_column_text][vc_column_text el_class=&#8221;pb-30&#8243;] RECGAS\u00a0 \u00e9\u00a0uma empresa familiar que foi fundada em 1999. Atualmente, a segunda&hellip;\" \/>\n<meta property=\"og:url\" content=\"https:\/\/recgas.com\/pt-pt\/conocenos\/\" \/>\n<meta property=\"og:site_name\" content=\"Recgas\" \/>\n<meta property=\"article:modified_time\" content=\"2023-09-21T09:01:30+00:00\" \/>\n<meta name=\"twitter:card\" content=\"summary_large_image\" \/>\n<meta name=\"twitter:label1\" content=\"Tempo estimado de leitura\" \/>\n\t<meta name=\"twitter:data1\" content=\"2 minutos\" \/>\n<script type=\"application\/ld+json\" class=\"yoast-schema-graph\">{\"@context\":\"https:\/\/schema.org\",\"@graph\":[{\"@type\":\"WebPage\",\"@id\":\"https:\/\/recgas.com\/pt-pt\/conocenos\/\",\"url\":\"https:\/\/recgas.com\/pt-pt\/conocenos\/\",\"name\":\"Con\u00f3cenos - Recgas\",\"isPartOf\":{\"@id\":\"https:\/\/recgas.com\/#website\"},\"datePublished\":\"2022-01-20T16:30:52+00:00\",\"dateModified\":\"2023-09-21T09:01:30+00:00\",\"breadcrumb\":{\"@id\":\"https:\/\/recgas.com\/pt-pt\/conocenos\/#breadcrumb\"},\"inLanguage\":\"pt-PT\",\"potentialAction\":[{\"@type\":\"ReadAction\",\"target\":[\"https:\/\/recgas.com\/pt-pt\/conocenos\/\"]}]},{\"@type\":\"BreadcrumbList\",\"@id\":\"https:\/\/recgas.com\/pt-pt\/conocenos\/#breadcrumb\",\"itemListElement\":[{\"@type\":\"ListItem\",\"position\":1,\"name\":\"Portada\",\"item\":\"https:\/\/recgas.com\/pt-pt\/\"},{\"@type\":\"ListItem\",\"position\":2,\"name\":\"Con\u00f3cenos\"}]},{\"@type\":\"WebSite\",\"@id\":\"https:\/\/recgas.com\/#website\",\"url\":\"https:\/\/recgas.com\/\",\"name\":\"Recgas\",\"description\":\"Otro sitio realizado con WordPress\",\"publisher\":{\"@id\":\"https:\/\/recgas.com\/#organization\"},\"alternateName\":\"Recgas Fabricaci\u00f3n y distribuci\u00f3n de equipos para gas\",\"potentialAction\":[{\"@type\":\"SearchAction\",\"target\":{\"@type\":\"EntryPoint\",\"urlTemplate\":\"https:\/\/recgas.com\/?s={search_term_string}\"},\"query-input\":{\"@type\":\"PropertyValueSpecification\",\"valueRequired\":true,\"valueName\":\"search_term_string\"}}],\"inLanguage\":\"pt-PT\"},{\"@type\":\"Organization\",\"@id\":\"https:\/\/recgas.com\/#organization\",\"name\":\"Recgas\",\"alternateName\":\"Recgas Fabricaci\u00f3n y distribuci\u00f3n de equipos para gas\",\"url\":\"https:\/\/recgas.com\/\",\"logo\":{\"@type\":\"ImageObject\",\"inLanguage\":\"pt-PT\",\"@id\":\"https:\/\/recgas.com\/#\/schema\/logo\/image\/\",\"url\":\"https:\/\/recgas.com\/wp-content\/uploads\/2021\/12\/logo-recgas.png\",\"contentUrl\":\"https:\/\/recgas.com\/wp-content\/uploads\/2021\/12\/logo-recgas.png\",\"width\":253,\"height\":52,\"caption\":\"Recgas\"},\"image\":{\"@id\":\"https:\/\/recgas.com\/#\/schema\/logo\/image\/\"}}]}<\/script>\n<!-- \/ Yoast SEO plugin. -->","yoast_head_json":{"title":"Con\u00f3cenos - Recgas","robots":{"index":"index","follow":"follow","max-snippet":"max-snippet:-1","max-image-preview":"max-image-preview:large","max-video-preview":"max-video-preview:-1"},"canonical":"https:\/\/recgas.com\/pt-pt\/conocenos\/","og_locale":"pt_PT","og_type":"article","og_title":"Con\u00f3cenos - Recgas","og_description":"[vc_row full_width=&#8221;stretch_row&#8221; equal_height=&#8221;yes&#8221; content_placement=&#8221;middle&#8221; css=&#8221;.vc_custom_1642683703172{padding-top: 140px !important;padding-bottom: 100px !important;background-image: url(https:\/\/recgas.com\/wp-content\/uploads\/2022\/01\/bg-hero.jpg?id=279) !important;background-position: center !important;background-repeat: no-repeat !important;background-size: cover !important;}&#8221;][vc_column el_class=&#8221;max-hero&#8221;][vc_column_text] Conhe\u00e7a-nos [\/vc_column_text][vc_column_text] Conhece a nossa proposta de valor [\/vc_column_text][\/vc_column][\/vc_row][vc_row content_placement=&#8221;bottom&#8221; el_class=&#8221;padding-fila fila-lideres-mercado&#8221;][vc_column width=&#8221;1\/2&#8243; el_class=&#8221;cuadro-rojo cuadro-certificado&#8221;][vc_column_text] Experi\u00eancia [\/vc_column_text][vc_column_text] L\u00edderes no mercado de g\u00e1s natural [\/vc_column_text][vc_column_text el_class=&#8221;pb-30&#8243;] RECGAS\u00a0 \u00e9\u00a0uma empresa familiar que foi fundada em 1999. Atualmente, a segunda&hellip;","og_url":"https:\/\/recgas.com\/pt-pt\/conocenos\/","og_site_name":"Recgas","article_modified_time":"2023-09-21T09:01:30+00:00","twitter_card":"summary_large_image","twitter_misc":{"Tempo estimado de leitura":"2 minutos"},"schema":{"@context":"https:\/\/schema.org","@graph":[{"@type":"WebPage","@id":"https:\/\/recgas.com\/pt-pt\/conocenos\/","url":"https:\/\/recgas.com\/pt-pt\/conocenos\/","name":"Con\u00f3cenos - Recgas","isPartOf":{"@id":"https:\/\/recgas.com\/#website"},"datePublished":"2022-01-20T16:30:52+00:00","dateModified":"2023-09-21T09:01:30+00:00","breadcrumb":{"@id":"https:\/\/recgas.com\/pt-pt\/conocenos\/#breadcrumb"},"inLanguage":"pt-PT","potentialAction":[{"@type":"ReadAction","target":["https:\/\/recgas.com\/pt-pt\/conocenos\/"]}]},{"@type":"BreadcrumbList","@id":"https:\/\/recgas.com\/pt-pt\/conocenos\/#breadcrumb","itemListElement":[{"@type":"ListItem","position":1,"name":"Portada","item":"https:\/\/recgas.com\/pt-pt\/"},{"@type":"ListItem","position":2,"name":"Con\u00f3cenos"}]},{"@type":"WebSite","@id":"https:\/\/recgas.com\/#website","url":"https:\/\/recgas.com\/","name":"Recgas","description":"Otro sitio realizado con WordPress","publisher":{"@id":"https:\/\/recgas.com\/#organization"},"alternateName":"Recgas Fabricaci\u00f3n y distribuci\u00f3n de equipos para gas","potentialAction":[{"@type":"SearchAction","target":{"@type":"EntryPoint","urlTemplate":"https:\/\/recgas.com\/?s={search_term_string}"},"query-input":{"@type":"PropertyValueSpecification","valueRequired":true,"valueName":"search_term_string"}}],"inLanguage":"pt-PT"},{"@type":"Organization","@id":"https:\/\/recgas.com\/#organization","name":"Recgas","alternateName":"Recgas Fabricaci\u00f3n y distribuci\u00f3n de equipos para gas","url":"https:\/\/recgas.com\/","logo":{"@type":"ImageObject","inLanguage":"pt-PT","@id":"https:\/\/recgas.com\/#\/schema\/logo\/image\/","url":"https:\/\/recgas.com\/wp-content\/uploads\/2021\/12\/logo-recgas.png","contentUrl":"https:\/\/recgas.com\/wp-content\/uploads\/2021\/12\/logo-recgas.png","width":253,"height":52,"caption":"Recgas"},"image":{"@id":"https:\/\/recgas.com\/#\/schema\/logo\/image\/"}}]}},"_links":{"self":[{"href":"https:\/\/recgas.com\/pt-pt\/wp-json\/wp\/v2\/pages\/2130","targetHints":{"allow":["GET"]}}],"collection":[{"href":"https:\/\/recgas.com\/pt-pt\/wp-json\/wp\/v2\/pages"}],"about":[{"href":"https:\/\/recgas.com\/pt-pt\/wp-json\/wp\/v2\/types\/page"}],"author":[{"embeddable":true,"href":"https:\/\/recgas.com\/pt-pt\/wp-json\/wp\/v2\/users\/2"}],"replies":[{"embeddable":true,"href":"https:\/\/recgas.com\/pt-pt\/wp-json\/wp\/v2\/comments?post=2130"}],"version-history":[{"count":4,"href":"https:\/\/recgas.com\/pt-pt\/wp-json\/wp\/v2\/pages\/2130\/revisions"}],"predecessor-version":[{"id":4285,"href":"https:\/\/recgas.com\/pt-pt\/wp-json\/wp\/v2\/pages\/2130\/revisions\/4285"}],"wp:attachment":[{"href":"https:\/\/recgas.com\/pt-pt\/wp-json\/wp\/v2\/media?parent=2130"}],"curies":[{"name":"wp","href":"https:\/\/api.w.org\/{rel}","templated":true}]}}