{"id":4281,"date":"2022-02-28T15:10:42","date_gmt":"2022-02-28T14:10:42","guid":{"rendered":"https:\/\/recgas.com\/ora%c2%a7amento\/"},"modified":"2023-09-21T12:14:33","modified_gmt":"2023-09-21T10:14:33","slug":"ora%c2%a7amento","status":"publish","type":"page","link":"https:\/\/recgas.com\/pt-pt\/ora%c2%a7amento\/","title":{"rendered":"Or\u00c3\u00a7amento"},"content":{"rendered":"<div class=\"wpb-content-wrapper\"><p>[vc_row full_width=&#8221;stretch_row&#8221; equal_height=&#8221;yes&#8221; content_placement=&#8221;middle&#8221; css=&#8221;.vc_custom_1642683703172{padding-top: 140px !important;padding-bottom: 100px !important;background-image: url(https:\/\/recgas.com\/wp-content\/uploads\/2022\/01\/bg-hero.jpg?id=279) !important;background-position: center !important;background-repeat: no-repeat !important;background-size: cover !important;}&#8221;][vc_column el_class=&#8221;max-hero&#8221;][vc_column_text]<\/p>\n<h4 class=\"uppercase blanco fw-500 pb-30\">Or\u00c3\u00a7amento<\/h4>\n<p>[\/vc_column_text][vc_column_text]<\/p>\n<h1 class=\"uppercase negrita blanco\">Principais fabricantes de equipamentos de g\u00c3\u00a1s<\/h1>\n<p>[\/vc_column_text][\/vc_column][\/vc_row][vc_row gap=&#8221;30&#8243; equal_height=&#8221;yes&#8221; content_placement=&#8221;top&#8221; el_class=&#8221;padding-fila&#8221; css=&#8221;.vc_custom_1695286648793{margin-bottom: -50px !important;}&#8221;][vc_column][vc_column_text]<\/p>\n<h2 class=\"titulo-interno color-principal pb-30\">Pedir um or\u00e7amento<\/h2>\n<p>[\/vc_column_text][vc_column_text el_class=&#8221;pb-30&#8243;]Entraremos em contacto consigo o mais rapidamente poss\u00c3\u00advel.[\/vc_column_text]\n<div class=\"wpcf7 no-js\" id=\"wpcf7-f4297-o1\" lang=\"es-ES\" dir=\"ltr\" data-wpcf7-id=\"4297\">\n<div class=\"screen-reader-response\"><p role=\"status\" aria-live=\"polite\" aria-atomic=\"true\"><\/p> <ul><\/ul><\/div>\n<form action=\"\/pt-pt\/wp-json\/wp\/v2\/pages\/4281#wpcf7-f4297-o1\" method=\"post\" class=\"wpcf7-form init\" aria-label=\"Formulario de contacto\" novalidate=\"novalidate\" data-status=\"init\">\n<fieldset class=\"hidden-fields-container\"><input type=\"hidden\" name=\"_wpcf7\" value=\"4297\" \/><input type=\"hidden\" name=\"_wpcf7_version\" value=\"6.1.5\" \/><input type=\"hidden\" name=\"_wpcf7_locale\" value=\"es_ES\" \/><input type=\"hidden\" name=\"_wpcf7_unit_tag\" value=\"wpcf7-f4297-o1\" \/><input type=\"hidden\" name=\"_wpcf7_container_post\" value=\"0\" \/><input type=\"hidden\" name=\"_wpcf7_posted_data_hash\" value=\"\" \/><input type=\"hidden\" name=\"_wpcf7_recaptcha_response\" value=\"\" \/>\n<\/fieldset>\n<div class=\"vc_row\">\n\t<div class=\"vc_col-md-6\">\n\t\t<p><label><span class=\"wpcf7-form-control-wrap\" data-name=\"nombre\"><input size=\"40\" maxlength=\"400\" class=\"wpcf7-form-control wpcf7-text wpcf7-validates-as-required\" aria-required=\"true\" aria-invalid=\"false\" placeholder=\"Nome\" value=\"\" type=\"text\" name=\"nombre\" \/><\/span><\/label>\n\t\t<\/p>\n\t<\/div>\n\t<div class=\"vc_col-md-6\">\n\t\t<p><label><span class=\"wpcf7-form-control-wrap\" data-name=\"apellidos\"><input size=\"40\" maxlength=\"400\" class=\"wpcf7-form-control wpcf7-text wpcf7-validates-as-required\" aria-required=\"true\" aria-invalid=\"false\" placeholder=\"Apelido\" value=\"\" type=\"text\" name=\"apellidos\" \/><\/span><\/label>\n\t\t<\/p>\n\t<\/div>\n\t<div class=\"vc_col-md-6\">\n\t\t<p><label><span class=\"wpcf7-form-control-wrap\" data-name=\"empresa\"><input size=\"40\" maxlength=\"400\" class=\"wpcf7-form-control wpcf7-text wpcf7-validates-as-required\" aria-required=\"true\" aria-invalid=\"false\" placeholder=\"Empresa\" value=\"\" type=\"text\" name=\"empresa\" \/><\/span><\/label>\n\t\t<\/p>\n\t<\/div>\n\t<div class=\"vc_col-md-6\">\n\t\t<p><label><span class=\"wpcf7-form-control-wrap\" data-name=\"pais\"><input size=\"40\" maxlength=\"400\" class=\"wpcf7-form-control wpcf7-text wpcf7-validates-as-required\" aria-required=\"true\" aria-invalid=\"false\" placeholder=\"Pa\u00eds\" value=\"\" type=\"text\" name=\"pais\" \/><\/span><\/label>\n\t\t<\/p>\n\t<\/div>\n\t<div class=\"vc_col-md-6\">\n\t\t<p><label><span class=\"wpcf7-form-control-wrap\" data-name=\"email\"><input size=\"40\" maxlength=\"400\" class=\"wpcf7-form-control wpcf7-email wpcf7-validates-as-required wpcf7-text wpcf7-validates-as-email\" aria-required=\"true\" aria-invalid=\"false\" placeholder=\"Correio eletr\u00f3nico\" value=\"\" type=\"email\" name=\"email\" \/><\/span><\/label>\n\t\t<\/p>\n\t<\/div>\n\t<div class=\"vc_col-md-6\">\n\t\t<p><label><span class=\"wpcf7-form-control-wrap\" data-name=\"telefono\"><input size=\"40\" maxlength=\"400\" class=\"wpcf7-form-control wpcf7-tel wpcf7-validates-as-required wpcf7-text wpcf7-validates-as-tel\" aria-required=\"true\" aria-invalid=\"false\" placeholder=\"Telefone\" value=\"\" type=\"tel\" name=\"telefono\" \/><\/span><\/label>\n\t\t<\/p>\n\t<\/div>\n\t<div class=\"vc_col-md-12\">\n\t\t<p><label><span class=\"wpcf7-form-control-wrap\" data-name=\"mensaje\"><textarea cols=\"40\" rows=\"4\" maxlength=\"2000\" class=\"wpcf7-form-control wpcf7-textarea\" aria-invalid=\"false\" placeholder=\"Mensagem\" name=\"mensaje\"><\/textarea><\/span><\/label>\n\t\t<\/p>\n\t<\/div>\n<\/div>\n<div class=\"vc_row\">\n\t<div class=\"vc_col-md-8\">\n\t\t<p><span class=\"wpcf7-form-control-wrap\" data-name=\"acceptance-200\"><span class=\"wpcf7-form-control wpcf7-acceptance\"><span class=\"wpcf7-list-item\"><input type=\"checkbox\" name=\"acceptance-200\" value=\"1\" aria-invalid=\"false\" \/><\/span><\/span><\/span> Li e aceito a pol\u00edtica de privacidade\n\t\t<\/p>\n\t\t<p class=\"texto-mini-form\"><br \/>\nOs campos assinalados com (*) s\u00e3o obrigat\u00f3rios.<br \/>\n1. Administrador de dados: RECGAS S.L.<br \/>\n2. Objetivo dos dados: Rela\u00e7\u00e3o comercial e informa\u00e7\u00e3o sobre os nossos produtos e servi\u00e7os.<br \/>\n3. Armazenamento de dados: Base de dados alojada na Cloudflare.<br \/>\n4. Direitos: Em qualquer altura, o utilizador pode <a href=\"\/politica-de-privacidad-politica-de-cookies-y-aviso-legal\/\" target=\"_blank\">limitar, recuperar e eliminar as suas informa\u00e7\u00f5es.<\/a>\n\t\t<\/p>\n\t<\/div>\n\t<div class=\"vc_col-md-4\">\n\t\t<p><input class=\"wpcf7-form-control wpcf7-submit has-spinner\" type=\"submit\" value=\"Enviar pedido\" \/>\n\t\t<\/p>\n\t<\/div>\n<\/div><div class=\"wpcf7-response-output\" aria-hidden=\"true\"><\/div>\n<\/form>\n<\/div>\n[\/vc_column][\/vc_row]<\/p>\n<\/div>","protected":false},"excerpt":{"rendered":"<p>[vc_row full_width=&#8221;stretch_row&#8221; equal_height=&#8221;yes&#8221; content_placement=&#8221;middle&#8221; css=&#8221;.vc_custom_1642683703172{padding-top: 140px !important;padding-bottom: 100px !important;background-image: url(https:\/\/recgas.com\/wp-content\/uploads\/2022\/01\/bg-hero.jpg?id=279) !important;background-position: center !important;background-repeat: no-repeat !important;background-size: cover !important;}&#8221;][vc_column el_class=&#8221;max-hero&#8221;][vc_column_text] Or\u00c3\u00a7amento [\/vc_column_text][vc_column_text] Principais fabricantes de equipamentos de g\u00c3\u00a1s [\/vc_column_text][\/vc_column][\/vc_row][vc_row gap=&#8221;30&#8243; equal_height=&#8221;yes&#8221; content_placement=&#8221;top&#8221; el_class=&#8221;padding-fila&#8221; css=&#8221;.vc_custom_1695286648793{margin-bottom: -50px !important;}&#8221;][vc_column][vc_column_text] Pedir um or\u00e7amento [\/vc_column_text][vc_column_text el_class=&#8221;pb-30&#8243;]Entraremos em contacto consigo o mais rapidamente poss\u00c3\u00advel.[\/vc_column_text][\/vc_column][\/vc_row]<\/p>\n","protected":false},"author":2,"featured_media":0,"parent":0,"menu_order":0,"comment_status":"closed","ping_status":"closed","template":"","meta":{"_acf_changed":false,"_joinchat":[],"footnotes":""},"class_list":["post-4281","page","type-page","status-publish","hentry","description-off"],"acf":[],"yoast_head":"<!-- This site is optimized with the Yoast SEO plugin v26.8 - https:\/\/yoast.com\/product\/yoast-seo-wordpress\/ -->\n<title>Or\u00c3\u00a7amento - Recgas<\/title>\n<meta name=\"robots\" content=\"index, follow, max-snippet:-1, max-image-preview:large, max-video-preview:-1\" \/>\n<link rel=\"canonical\" href=\"https:\/\/recgas.com\/pt-pt\/ora\u00a7amento\/\" \/>\n<meta property=\"og:locale\" content=\"pt_PT\" \/>\n<meta property=\"og:type\" content=\"article\" \/>\n<meta property=\"og:title\" content=\"Or\u00c3\u00a7amento - Recgas\" \/>\n<meta property=\"og:description\" content=\"[vc_row full_width=&#8221;stretch_row&#8221; equal_height=&#8221;yes&#8221; content_placement=&#8221;middle&#8221; css=&#8221;.vc_custom_1642683703172{padding-top: 140px !important;padding-bottom: 100px !important;background-image: url(https:\/\/recgas.com\/wp-content\/uploads\/2022\/01\/bg-hero.jpg?id=279) !important;background-position: center !important;background-repeat: no-repeat !important;background-size: cover !important;}&#8221;][vc_column el_class=&#8221;max-hero&#8221;][vc_column_text] Or\u00c3\u00a7amento [\/vc_column_text][vc_column_text] Principais fabricantes de equipamentos de g\u00c3\u00a1s [\/vc_column_text][\/vc_column][\/vc_row][vc_row gap=&#8221;30&#8243; equal_height=&#8221;yes&#8221; content_placement=&#8221;top&#8221; el_class=&#8221;padding-fila&#8221; css=&#8221;.vc_custom_1695286648793{margin-bottom: -50px !important;}&#8221;][vc_column][vc_column_text] Pedir um or\u00e7amento [\/vc_column_text][vc_column_text el_class=&#8221;pb-30&#8243;]Entraremos em contacto consigo o mais rapidamente poss\u00c3\u00advel.[\/vc_column_text][\/vc_column][\/vc_row]\" \/>\n<meta property=\"og:url\" content=\"https:\/\/recgas.com\/pt-pt\/ora\u00a7amento\/\" \/>\n<meta property=\"og:site_name\" content=\"Recgas\" \/>\n<meta property=\"article:modified_time\" content=\"2023-09-21T10:14:33+00:00\" \/>\n<meta name=\"twitter:card\" content=\"summary_large_image\" \/>\n<meta name=\"twitter:label1\" content=\"Tempo estimado de leitura\" \/>\n\t<meta name=\"twitter:data1\" content=\"1 minuto\" \/>\n<script type=\"application\/ld+json\" class=\"yoast-schema-graph\">{\"@context\":\"https:\/\/schema.org\",\"@graph\":[{\"@type\":\"WebPage\",\"@id\":\"https:\/\/recgas.com\/pt-pt\/ora%c2%a7amento\/\",\"url\":\"https:\/\/recgas.com\/pt-pt\/ora%c2%a7amento\/\",\"name\":\"Or\u00c3\u00a7amento - Recgas\",\"isPartOf\":{\"@id\":\"https:\/\/recgas.com\/#website\"},\"datePublished\":\"2022-02-28T14:10:42+00:00\",\"dateModified\":\"2023-09-21T10:14:33+00:00\",\"breadcrumb\":{\"@id\":\"https:\/\/recgas.com\/pt-pt\/ora%c2%a7amento\/#breadcrumb\"},\"inLanguage\":\"pt-PT\",\"potentialAction\":[{\"@type\":\"ReadAction\",\"target\":[\"https:\/\/recgas.com\/pt-pt\/ora%c2%a7amento\/\"]}]},{\"@type\":\"BreadcrumbList\",\"@id\":\"https:\/\/recgas.com\/pt-pt\/ora%c2%a7amento\/#breadcrumb\",\"itemListElement\":[{\"@type\":\"ListItem\",\"position\":1,\"name\":\"Portada\",\"item\":\"https:\/\/recgas.com\/pt-pt\/\"},{\"@type\":\"ListItem\",\"position\":2,\"name\":\"Or\u00c3\u00a7amento\"}]},{\"@type\":\"WebSite\",\"@id\":\"https:\/\/recgas.com\/#website\",\"url\":\"https:\/\/recgas.com\/\",\"name\":\"Recgas\",\"description\":\"Otro sitio realizado con WordPress\",\"publisher\":{\"@id\":\"https:\/\/recgas.com\/#organization\"},\"alternateName\":\"Recgas Fabricaci\u00f3n y distribuci\u00f3n de equipos para gas\",\"potentialAction\":[{\"@type\":\"SearchAction\",\"target\":{\"@type\":\"EntryPoint\",\"urlTemplate\":\"https:\/\/recgas.com\/?s={search_term_string}\"},\"query-input\":{\"@type\":\"PropertyValueSpecification\",\"valueRequired\":true,\"valueName\":\"search_term_string\"}}],\"inLanguage\":\"pt-PT\"},{\"@type\":\"Organization\",\"@id\":\"https:\/\/recgas.com\/#organization\",\"name\":\"Recgas\",\"alternateName\":\"Recgas Fabricaci\u00f3n y distribuci\u00f3n de equipos para gas\",\"url\":\"https:\/\/recgas.com\/\",\"logo\":{\"@type\":\"ImageObject\",\"inLanguage\":\"pt-PT\",\"@id\":\"https:\/\/recgas.com\/#\/schema\/logo\/image\/\",\"url\":\"https:\/\/recgas.com\/wp-content\/uploads\/2021\/12\/logo-recgas.png\",\"contentUrl\":\"https:\/\/recgas.com\/wp-content\/uploads\/2021\/12\/logo-recgas.png\",\"width\":253,\"height\":52,\"caption\":\"Recgas\"},\"image\":{\"@id\":\"https:\/\/recgas.com\/#\/schema\/logo\/image\/\"}}]}<\/script>\n<!-- \/ Yoast SEO plugin. -->","yoast_head_json":{"title":"Or\u00c3\u00a7amento - Recgas","robots":{"index":"index","follow":"follow","max-snippet":"max-snippet:-1","max-image-preview":"max-image-preview:large","max-video-preview":"max-video-preview:-1"},"canonical":"https:\/\/recgas.com\/pt-pt\/ora\u00a7amento\/","og_locale":"pt_PT","og_type":"article","og_title":"Or\u00c3\u00a7amento - Recgas","og_description":"[vc_row full_width=&#8221;stretch_row&#8221; equal_height=&#8221;yes&#8221; content_placement=&#8221;middle&#8221; css=&#8221;.vc_custom_1642683703172{padding-top: 140px !important;padding-bottom: 100px !important;background-image: url(https:\/\/recgas.com\/wp-content\/uploads\/2022\/01\/bg-hero.jpg?id=279) !important;background-position: center !important;background-repeat: no-repeat !important;background-size: cover !important;}&#8221;][vc_column el_class=&#8221;max-hero&#8221;][vc_column_text] Or\u00c3\u00a7amento [\/vc_column_text][vc_column_text] Principais fabricantes de equipamentos de g\u00c3\u00a1s [\/vc_column_text][\/vc_column][\/vc_row][vc_row gap=&#8221;30&#8243; equal_height=&#8221;yes&#8221; content_placement=&#8221;top&#8221; el_class=&#8221;padding-fila&#8221; css=&#8221;.vc_custom_1695286648793{margin-bottom: -50px !important;}&#8221;][vc_column][vc_column_text] Pedir um or\u00e7amento [\/vc_column_text][vc_column_text el_class=&#8221;pb-30&#8243;]Entraremos em contacto consigo o mais rapidamente poss\u00c3\u00advel.[\/vc_column_text][\/vc_column][\/vc_row]","og_url":"https:\/\/recgas.com\/pt-pt\/ora\u00a7amento\/","og_site_name":"Recgas","article_modified_time":"2023-09-21T10:14:33+00:00","twitter_card":"summary_large_image","twitter_misc":{"Tempo estimado de leitura":"1 minuto"},"schema":{"@context":"https:\/\/schema.org","@graph":[{"@type":"WebPage","@id":"https:\/\/recgas.com\/pt-pt\/ora%c2%a7amento\/","url":"https:\/\/recgas.com\/pt-pt\/ora%c2%a7amento\/","name":"Or\u00c3\u00a7amento - Recgas","isPartOf":{"@id":"https:\/\/recgas.com\/#website"},"datePublished":"2022-02-28T14:10:42+00:00","dateModified":"2023-09-21T10:14:33+00:00","breadcrumb":{"@id":"https:\/\/recgas.com\/pt-pt\/ora%c2%a7amento\/#breadcrumb"},"inLanguage":"pt-PT","potentialAction":[{"@type":"ReadAction","target":["https:\/\/recgas.com\/pt-pt\/ora%c2%a7amento\/"]}]},{"@type":"BreadcrumbList","@id":"https:\/\/recgas.com\/pt-pt\/ora%c2%a7amento\/#breadcrumb","itemListElement":[{"@type":"ListItem","position":1,"name":"Portada","item":"https:\/\/recgas.com\/pt-pt\/"},{"@type":"ListItem","position":2,"name":"Or\u00c3\u00a7amento"}]},{"@type":"WebSite","@id":"https:\/\/recgas.com\/#website","url":"https:\/\/recgas.com\/","name":"Recgas","description":"Otro sitio realizado con WordPress","publisher":{"@id":"https:\/\/recgas.com\/#organization"},"alternateName":"Recgas Fabricaci\u00f3n y distribuci\u00f3n de equipos para gas","potentialAction":[{"@type":"SearchAction","target":{"@type":"EntryPoint","urlTemplate":"https:\/\/recgas.com\/?s={search_term_string}"},"query-input":{"@type":"PropertyValueSpecification","valueRequired":true,"valueName":"search_term_string"}}],"inLanguage":"pt-PT"},{"@type":"Organization","@id":"https:\/\/recgas.com\/#organization","name":"Recgas","alternateName":"Recgas Fabricaci\u00f3n y distribuci\u00f3n de equipos para gas","url":"https:\/\/recgas.com\/","logo":{"@type":"ImageObject","inLanguage":"pt-PT","@id":"https:\/\/recgas.com\/#\/schema\/logo\/image\/","url":"https:\/\/recgas.com\/wp-content\/uploads\/2021\/12\/logo-recgas.png","contentUrl":"https:\/\/recgas.com\/wp-content\/uploads\/2021\/12\/logo-recgas.png","width":253,"height":52,"caption":"Recgas"},"image":{"@id":"https:\/\/recgas.com\/#\/schema\/logo\/image\/"}}]}},"_links":{"self":[{"href":"https:\/\/recgas.com\/pt-pt\/wp-json\/wp\/v2\/pages\/4281","targetHints":{"allow":["GET"]}}],"collection":[{"href":"https:\/\/recgas.com\/pt-pt\/wp-json\/wp\/v2\/pages"}],"about":[{"href":"https:\/\/recgas.com\/pt-pt\/wp-json\/wp\/v2\/types\/page"}],"author":[{"embeddable":true,"href":"https:\/\/recgas.com\/pt-pt\/wp-json\/wp\/v2\/users\/2"}],"replies":[{"embeddable":true,"href":"https:\/\/recgas.com\/pt-pt\/wp-json\/wp\/v2\/comments?post=4281"}],"version-history":[{"count":4,"href":"https:\/\/recgas.com\/pt-pt\/wp-json\/wp\/v2\/pages\/4281\/revisions"}],"predecessor-version":[{"id":4299,"href":"https:\/\/recgas.com\/pt-pt\/wp-json\/wp\/v2\/pages\/4281\/revisions\/4299"}],"wp:attachment":[{"href":"https:\/\/recgas.com\/pt-pt\/wp-json\/wp\/v2\/media?parent=4281"}],"curies":[{"name":"wp","href":"https:\/\/api.w.org\/{rel}","templated":true}]}}